{"id":8748,"date":"2022-03-30T15:17:06","date_gmt":"2022-03-30T12:17:06","guid":{"rendered":"https:\/\/www.drmok.com\/le-relachement-de-la-peau\/"},"modified":"2022-07-29T17:18:39","modified_gmt":"2022-07-29T14:18:39","slug":"le-relachement-de-la-peau","status":"publish","type":"page","link":"https:\/\/www.drmok.com\/fr\/le-relachement-de-la-peau\/","title":{"rendered":"Le rel\u00e2chement de la peau"},"content":{"rendered":"\t\t<div data-elementor-type=\"wp-page\" data-elementor-id=\"8748\" class=\"elementor elementor-8748 elementor-3624\">\n\t\t\t\t\t\t<div class=\"elementor-inner\">\n\t\t\t\t<div class=\"elementor-section-wrap\">\n\t\t\t\t\t\t\t\t\t<section class=\"elementor-section elementor-top-section elementor-element elementor-element-05a1de6 elementor-reverse-tablet elementor-reverse-mobile elementor-section-height-min-height elementor-section-stretched elementor-section-full_width elementor-section-height-default elementor-section-items-middle\" data-id=\"05a1de6\" data-element_type=\"section\" id=\"hero\" data-settings=\"{&quot;stretch_section&quot;:&quot;section-stretched&quot;,&quot;background_background&quot;:&quot;classic&quot;}\">\n\t\t\t\t\t\t\t<div class=\"elementor-background-overlay\"><\/div>\n\t\t\t\t\t\t\t<div class=\"elementor-container elementor-column-gap-wide\">\n\t\t\t\t\t\t\t<div class=\"elementor-row\">\n\t\t\t\t\t<div class=\"elementor-column elementor-col-50 elementor-top-column elementor-element elementor-element-2429b914\" data-id=\"2429b914\" data-element_type=\"column\">\n\t\t\t<div class=\"elementor-column-wrap\">\n\t\t\t\t\t\t\t<div class=\"elementor-widget-wrap\">\n\t\t\t\t\t\t\t\t<\/div>\n\t\t\t\t\t<\/div>\n\t\t<\/div>\n\t\t\t\t<div class=\"elementor-column elementor-col-50 elementor-top-column elementor-element elementor-element-8d45dec\" data-id=\"8d45dec\" data-element_type=\"column\">\n\t\t\t<div class=\"elementor-column-wrap elementor-element-populated\">\n\t\t\t\t\t\t\t<div class=\"elementor-widget-wrap\">\n\t\t\t\t\t\t<div class=\"elementor-element elementor-element-89bfa5d elementor-invisible elementor-widget elementor-widget-heading\" data-id=\"89bfa5d\" data-element_type=\"widget\" data-settings=\"{&quot;_animation&quot;:&quot;fadeInLeft&quot;}\" data-widget_type=\"heading.default\">\n\t\t\t\t<div class=\"elementor-widget-container\">\n\t\t\t<h1 class=\"elementor-heading-title elementor-size-default\">Le rel\u00e2chement de la peau<\/h1>\t\t<\/div>\n\t\t\t\t<\/div>\n\t\t\t\t\t\t<\/div>\n\t\t\t\t\t<\/div>\n\t\t<\/div>\n\t\t\t\t\t\t\t\t<\/div>\n\t\t\t\t\t<\/div>\n\t\t<\/section>\n\t\t\t\t<section class=\"elementor-section elementor-top-section elementor-element elementor-element-caec150 elementor-section-boxed elementor-section-height-default elementor-section-height-default\" data-id=\"caec150\" data-element_type=\"section\" data-settings=\"{&quot;shape_divider_top&quot;:&quot;mountains&quot;}\">\n\t\t\t\t\t<div class=\"elementor-shape elementor-shape-top\" data-negative=\"false\">\n\t\t\t<svg xmlns=\"http:\/\/www.w3.org\/2000\/svg\" viewBox=\"0 0 1000 100\" preserveAspectRatio=\"none\">\n\t<path class=\"elementor-shape-fill\" opacity=\"0.33\" d=\"M473,67.3c-203.9,88.3-263.1-34-320.3,0C66,119.1,0,59.7,0,59.7V0h1000v59.7 c0,0-62.1,26.1-94.9,29.3c-32.8,3.3-62.8-12.3-75.8-22.1C806,49.6,745.3,8.7,694.9,4.7S492.4,59,473,67.3z\"\/>\n\t<path class=\"elementor-shape-fill\" opacity=\"0.66\" d=\"M734,67.3c-45.5,0-77.2-23.2-129.1-39.1c-28.6-8.7-150.3-10.1-254,39.1 s-91.7-34.4-149.2,0C115.7,118.3,0,39.8,0,39.8V0h1000v36.5c0,0-28.2-18.5-92.1-18.5C810.2,18.1,775.7,67.3,734,67.3z\"\/>\n\t<path class=\"elementor-shape-fill\" d=\"M766.1,28.9c-200-57.5-266,65.5-395.1,19.5C242,1.8,242,5.4,184.8,20.6C128,35.8,132.3,44.9,89.9,52.5C28.6,63.7,0,0,0,0 h1000c0,0-9.9,40.9-83.6,48.1S829.6,47,766.1,28.9z\"\/>\n<\/svg>\t\t<\/div>\n\t\t\t\t\t<div class=\"elementor-container elementor-column-gap-default\">\n\t\t\t\t\t\t\t<div class=\"elementor-row\">\n\t\t\t\t\t<div class=\"elementor-column elementor-col-100 elementor-top-column elementor-element elementor-element-b95e701\" data-id=\"b95e701\" data-element_type=\"column\">\n\t\t\t<div class=\"elementor-column-wrap elementor-element-populated\">\n\t\t\t\t\t\t\t<div class=\"elementor-widget-wrap\">\n\t\t\t\t\t\t<div class=\"elementor-element elementor-element-366d518 elementor-invisible elementor-widget elementor-widget-text-editor\" data-id=\"366d518\" data-element_type=\"widget\" data-settings=\"{&quot;_animation&quot;:&quot;fadeInLeft&quot;}\" data-widget_type=\"text-editor.default\">\n\t\t\t\t<div class=\"elementor-widget-container\">\n\t\t\t\t\t\t\t\t<div class=\"elementor-text-editor elementor-clearfix\">\n\t\t\t\t<p>Avec l&rsquo;\u00e2ge, la peau perd de sa fermet\u00e9 et de son \u00e9lasticit\u00e9. C&rsquo;est le r\u00e9sultat du processus naturel de vieillissement qui se produit au niveau cellulaire. L&rsquo;un des premiers signes que nous remarquons est le rel\u00e2chement de la peau autour des joues, de la m\u00e2choire et du cou, mais le rel\u00e2chement de la peau peut se produire n&rsquo;importe o\u00f9 sur le corps. Cela peut ajouter des ann\u00e9es \u00e0 votre apparence, m\u00eame si cela ne refl\u00e8te pas la fa\u00e7on dont vous vous sentez. Pour combattre le rel\u00e2chement de la peau, ainsi que d&rsquo;autres signes de vieillissement, nous devons cibler les \u00e9l\u00e9ments constitutifs du collag\u00e8ne et de l&rsquo;\u00e9lastine. Nos technologies avanc\u00e9es de radiofr\u00e9quence et nos traitements de la peau offrent de multiples options qui peuvent \u00eatre utilis\u00e9es de la t\u00eate aux pieds pour cibler le rel\u00e2chement cutan\u00e9 sur le visage et le corps. Gr\u00e2ce au rajeunissement de tissus plus sains et \u00e0 une base radieuse, la peau rel\u00e2ch\u00e9e peut \u00eatre trait\u00e9e pour cr\u00e9er une apparence plus jeune et plus d\u00e9sirable.<\/p>\t\t\t\t\t<\/div>\n\t\t\t\t\t\t<\/div>\n\t\t\t\t<\/div>\n\t\t\t\t\t\t<\/div>\n\t\t\t\t\t<\/div>\n\t\t<\/div>\n\t\t\t\t\t\t\t\t<\/div>\n\t\t\t\t\t<\/div>\n\t\t<\/section>\n\t\t\t\t<section class=\"elementor-section elementor-top-section elementor-element elementor-element-10adc99 elementor-section-boxed elementor-section-height-default elementor-section-height-default\" data-id=\"10adc99\" data-element_type=\"section\" id=\"offer\" data-settings=\"{&quot;background_background&quot;:&quot;classic&quot;}\">\n\t\t\t\t\t\t\t<div class=\"elementor-background-overlay\"><\/div>\n\t\t\t\t\t\t\t<div class=\"elementor-container elementor-column-gap-default\">\n\t\t\t\t\t\t\t<div class=\"elementor-row\">\n\t\t\t\t\t<div class=\"elementor-column elementor-col-100 elementor-top-column elementor-element elementor-element-3be2e7a\" data-id=\"3be2e7a\" data-element_type=\"column\">\n\t\t\t<div class=\"elementor-column-wrap elementor-element-populated\">\n\t\t\t\t\t\t\t<div class=\"elementor-widget-wrap\">\n\t\t\t\t\t\t<div class=\"elementor-element elementor-element-29fe7af elementor-invisible elementor-widget elementor-widget-heading\" data-id=\"29fe7af\" data-element_type=\"widget\" data-settings=\"{&quot;_animation&quot;:&quot;fadeInLeft&quot;}\" data-widget_type=\"heading.default\">\n\t\t\t\t<div class=\"elementor-widget-container\">\n\t\t\t<h2 class=\"elementor-heading-title elementor-size-default\">Traitements que nous proposons<\/h2>\t\t<\/div>\n\t\t\t\t<\/div>\n\t\t\t\t<div class=\"elementor-element elementor-element-690f188 elementor-widget elementor-widget-premium-divider\" data-id=\"690f188\" data-element_type=\"widget\" data-widget_type=\"premium-divider.default\">\n\t\t\t\t<div class=\"elementor-widget-container\">\n\t\t\t\n\t<div id=\"premium-separator-container-690f188\" class=\"premium-separator-container premium-separator-solid\" data-settings='solid'>\n\t\t<div class=\"premium-separator-wrapper\">\n\t\t\t<div class=\"premium-separator-wrapper-separator\">\n\t\t\t\t<div class=\"premium-separator-wrapper-separator-divider\">\n\t\t\t\t\t<div class=\"premium-separator-wrapper-separator-divider-main-inner\">\n\t\t\t\t\t\t\t\t\t\t\t\t\t\t\n\t\t\t\t\t\t\t<div class=\"premium-separator-wrapper-separator-divider-inner\">\n\t\t\t\t\t\t\t\t<div class=\"premium-separator-wrapper-separator-divider-left premium-separator-left-side\">\n\t\t\t\t\t\t\t\t\t<hr>\t\t\t\t\t\t\t\t<\/div>\n\t\t\t\t\t\t\t\t<div class=\"premium-separator-wrapper-separator-divider-icon\">\n\t\t\t\t\t\t\t\t\t\t\t\t\t\t\t\t\t\t\t<div class=\"premium-separator-icon-wrap premium-separator-img-icon\">\n\t\t\t\t\t\t\t\t\t\t\t\t\t\t\t\t\t\t\t\t\t\t<img decoding=\"async\" src=\"https:\/\/www.drmok.com\/wp-content\/uploads\/2022\/03\/LOGO-mini.png\">\n\t\t\t\t\t\t\t\t\t\t<\/div>\n\t\t\t\t\t\t\t\t\t\t\t\t\t\t\t\t\t<\/div>\n\t\t\t\t\t\t\t\t<div class=\"premium-separator-wrapper-separator-divider-right premium-separator-right-side\">\n\t\t\t\t\t\t\t\t\t<hr>\t\t\t\t\t\t\t\t<\/div>\n\t\t\t\t\t\t\t<\/div>\n\t\t\t\t\t\t\t\t\n\t\t\t\t\t\t\t\t\t\t\t\t\n\t\t\t\t\t\t<\/div>\n\t\t\t\t\t\n\t\t\t\t\t<\/div>\n\t\t\t\t\n\t\t\t<\/div>\n\t\t\t\n\t\t\t<div class=\"premium-clearfix\"><\/div>\n\t\t\t\n\t\t<\/div>\n\t\t\n\t<\/div>\n\n\t\t\t\t<\/div>\n\t\t\t\t<\/div>\n\t\t\t\t<section class=\"elementor-section elementor-inner-section elementor-element elementor-element-8fc7b0d elementor-section-boxed elementor-section-height-default elementor-section-height-default\" data-id=\"8fc7b0d\" data-element_type=\"section\">\n\t\t\t\t\t\t<div class=\"elementor-container elementor-column-gap-default\">\n\t\t\t\t\t\t\t<div class=\"elementor-row\">\n\t\t\t\t\t<div class=\"elementor-column elementor-col-33 elementor-inner-column elementor-element elementor-element-b20ce97\" data-id=\"b20ce97\" data-element_type=\"column\">\n\t\t\t<div class=\"elementor-column-wrap elementor-element-populated\">\n\t\t\t\t\t\t\t<div class=\"elementor-widget-wrap\">\n\t\t\t\t\t\t<div class=\"elementor-element elementor-element-aa532d1 elementor-widget elementor-widget-html\" data-id=\"aa532d1\" data-element_type=\"widget\" data-widget_type=\"html.default\">\n\t\t\t\t<div class=\"elementor-widget-container\">\n\t\t\t<a class=\"hood\" href=\"https:\/\/www.drmok.com\/fr\/procedures-non-chirurgicales\/accutite\/\">\r\n<figure>\r\n<img decoding=\"async\" width=\"800\" height=\"600\" src=\"https:\/\/www.drmok.com\/wp-content\/uploads\/2022\/03\/accut.jpg\" loading=\"lazy\">\r\n<figcaption>\r\n<h3>AccuTite<\/h3>\r\n<p>Obtenir une apparence plus jeune\r\navec AccuTite<\/p>\r\n<\/figcaption>\r\n<\/figure>\r\n<\/a>\t\t<\/div>\n\t\t\t\t<\/div>\n\t\t\t\t\t\t<\/div>\n\t\t\t\t\t<\/div>\n\t\t<\/div>\n\t\t\t\t<div class=\"elementor-column elementor-col-33 elementor-inner-column elementor-element elementor-element-1a6c058\" data-id=\"1a6c058\" data-element_type=\"column\">\n\t\t\t<div class=\"elementor-column-wrap elementor-element-populated\">\n\t\t\t\t\t\t\t<div class=\"elementor-widget-wrap\">\n\t\t\t\t\t\t<div class=\"elementor-element elementor-element-c990400 elementor-widget elementor-widget-html\" data-id=\"c990400\" data-element_type=\"widget\" data-widget_type=\"html.default\">\n\t\t\t\t<div class=\"elementor-widget-container\">\n\t\t\t<a class=\"hood\" href=\"https:\/\/www.drmok.com\/fr\/procedures-non-chirurgicales\/produits-de-comblement-dermique\/\">\r\n<figure>\r\n<img decoding=\"async\" width=\"800\" height=\"600\" src=\"https:\/\/www.drmok.com\/wp-content\/uploads\/2022\/03\/dermal_slide_m.jpg\" loading=\"lazy\">\r\n<figcaption>\r\n<h3>Agents de comblement dermique<\/h3>\r\n<p>Rajeunissez votre visage gr\u00e2ce aux comblements dermiques<\/p>\r\n<\/figcaption>\r\n<\/figure>\r\n<\/a>\t\t<\/div>\n\t\t\t\t<\/div>\n\t\t\t\t\t\t<\/div>\n\t\t\t\t\t<\/div>\n\t\t<\/div>\n\t\t\t\t<div class=\"elementor-column elementor-col-33 elementor-inner-column elementor-element elementor-element-b841964\" data-id=\"b841964\" data-element_type=\"column\">\n\t\t\t<div class=\"elementor-column-wrap elementor-element-populated\">\n\t\t\t\t\t\t\t<div class=\"elementor-widget-wrap\">\n\t\t\t\t\t\t<div class=\"elementor-element elementor-element-362d524 elementor-widget elementor-widget-html\" data-id=\"362d524\" data-element_type=\"widget\" data-widget_type=\"html.default\">\n\t\t\t\t<div class=\"elementor-widget-container\">\n\t\t\t<a class=\"hood\" href=\"https:\/\/www.drmok.com\/fr\/procedures-non-chirurgicales\/facetite\/\">\r\n<figure>\r\n<img decoding=\"async\" width=\"800\" height=\"600\" src=\"https:\/\/www.drmok.com\/wp-content\/uploads\/2022\/03\/faceT_sl_m.jpg\" loading=\"lazy\">\r\n<figcaption>\r\n<h3>FaceTite<\/h3>\r\n<p>Resserrez votre visage pour para\u00eetre plus jeune avec FaceTite<\/p>\r\n<\/figcaption>\r\n<\/figure>\r\n<\/a>\t\t<\/div>\n\t\t\t\t<\/div>\n\t\t\t\t\t\t<\/div>\n\t\t\t\t\t<\/div>\n\t\t<\/div>\n\t\t\t\t\t\t\t\t<\/div>\n\t\t\t\t\t<\/div>\n\t\t<\/section>\n\t\t\t\t<section class=\"elementor-section elementor-inner-section elementor-element elementor-element-3511689 elementor-section-boxed elementor-section-height-default elementor-section-height-default\" data-id=\"3511689\" data-element_type=\"section\">\n\t\t\t\t\t\t<div class=\"elementor-container elementor-column-gap-default\">\n\t\t\t\t\t\t\t<div class=\"elementor-row\">\n\t\t\t\t\t<div class=\"elementor-column elementor-col-33 elementor-inner-column elementor-element elementor-element-b7bec86\" data-id=\"b7bec86\" data-element_type=\"column\">\n\t\t\t<div class=\"elementor-column-wrap elementor-element-populated\">\n\t\t\t\t\t\t\t<div class=\"elementor-widget-wrap\">\n\t\t\t\t\t\t<div class=\"elementor-element elementor-element-215109e elementor-widget elementor-widget-html\" data-id=\"215109e\" data-element_type=\"widget\" data-widget_type=\"html.default\">\n\t\t\t\t<div class=\"elementor-widget-container\">\n\t\t\t<a class=\"hood\" href=\"https:\/\/www.drmok.com\/fr\/procedures-non-chirurgicales\/morpheus8-pour-le-corps\/\">\r\n<figure>\r\n<img decoding=\"async\" width=\"800\" height=\"600\" src=\"https:\/\/www.drmok.com\/wp-content\/uploads\/2022\/03\/m8forbody_m.jpg\" loading=\"lazy\">\r\n<figcaption>\r\n<h3>Corps de Morpheus8<\/h3>\r\n<p>Traitement de rajeunissement de la peau du corps Avec Morpheus8<\/p>\r\n<\/figcaption>\r\n<\/figure>\r\n<\/a>\t\t<\/div>\n\t\t\t\t<\/div>\n\t\t\t\t\t\t<\/div>\n\t\t\t\t\t<\/div>\n\t\t<\/div>\n\t\t\t\t<div class=\"elementor-column elementor-col-33 elementor-inner-column elementor-element elementor-element-769d4ac\" data-id=\"769d4ac\" data-element_type=\"column\">\n\t\t\t<div class=\"elementor-column-wrap elementor-element-populated\">\n\t\t\t\t\t\t\t<div class=\"elementor-widget-wrap\">\n\t\t\t\t\t\t<div class=\"elementor-element elementor-element-b916512 elementor-widget elementor-widget-html\" data-id=\"b916512\" data-element_type=\"widget\" data-widget_type=\"html.default\">\n\t\t\t\t<div class=\"elementor-widget-container\">\n\t\t\t<a class=\"hood\" href=\"https:\/\/www.drmok.com\/fr\/procedures-non-chirurgicales\/morpheus8-pour-le-visage\/\">\r\n<figure>\r\n<img decoding=\"async\" width=\"800\" height=\"600\" src=\"https:\/\/www.drmok.com\/wp-content\/uploads\/2022\/03\/m8forface_m.jpg\" loading=\"lazy\">\r\n<figcaption>\r\n<h3>Visage de Morpheus8<\/h3>\r\n<p>Traitement de rajeunissement de la peau sur le corps avec Morpheus8<\/p>\r\n<\/figcaption>\r\n<\/figure>\r\n<\/a>\t\t<\/div>\n\t\t\t\t<\/div>\n\t\t\t\t\t\t<\/div>\n\t\t\t\t\t<\/div>\n\t\t<\/div>\n\t\t\t\t<div class=\"elementor-column elementor-col-33 elementor-inner-column elementor-element elementor-element-f5351f4\" data-id=\"f5351f4\" data-element_type=\"column\">\n\t\t\t<div class=\"elementor-column-wrap\">\n\t\t\t\t\t\t\t<div class=\"elementor-widget-wrap\">\n\t\t\t\t\t\t\t\t<\/div>\n\t\t\t\t\t<\/div>\n\t\t<\/div>\n\t\t\t\t\t\t\t\t<\/div>\n\t\t\t\t\t<\/div>\n\t\t<\/section>\n\t\t\t\t\t\t<\/div>\n\t\t\t\t\t<\/div>\n\t\t<\/div>\n\t\t\t\t\t\t\t\t<\/div>\n\t\t\t\t\t<\/div>\n\t\t<\/section>\n\t\t\t\t\t\t\t\t\t<\/div>\n\t\t\t<\/div>\n\t\t\t\t\t<\/div>\n\t\t","protected":false},"excerpt":{"rendered":"<p>Le rel\u00e2chement de la peau Avec l&rsquo;\u00e2ge, la peau perd de sa fermet\u00e9 et de son \u00e9lasticit\u00e9. C&rsquo;est le r\u00e9sultat du processus naturel de vieillissement qui se produit au niveau cellulaire. L&rsquo;un des premiers signes que nous remarquons est le rel\u00e2chement de la peau autour des joues, de la m\u00e2choire et du cou, mais le&hellip;<\/p>\n","protected":false},"author":3,"featured_media":0,"parent":0,"menu_order":0,"comment_status":"closed","ping_status":"closed","template":"elementor_header_footer","meta":{"footnotes":""},"class_list":["post-8748","page","type-page","status-publish","hentry"],"yoast_head":"<!-- This site is optimized with the Yoast SEO plugin v19.2 - https:\/\/yoast.com\/wordpress\/plugins\/seo\/ -->\n<title>Le rel\u00e2chement de la peau | Dr David Mok Montreal Plastic Surgeon<\/title>\n<meta name=\"description\" content=\"Le rel\u00e2chement de la peau | Montreal Plastic Surgery Clinic by Dr David Mok Plastic Surgeon\" \/>\n<meta name=\"robots\" content=\"index, follow, max-snippet:-1, max-image-preview:large, max-video-preview:-1\" \/>\n<link rel=\"canonical\" href=\"https:\/\/www.drmok.com\/fr\/le-relachement-de-la-peau\/\" \/>\n<meta property=\"og:locale\" content=\"fr_FR\" \/>\n<meta property=\"og:type\" content=\"article\" \/>\n<meta property=\"og:title\" content=\"Le rel\u00e2chement de la peau | Dr David Mok Montreal Plastic Surgeon\" \/>\n<meta property=\"og:description\" content=\"Le rel\u00e2chement de la peau | Montreal Plastic Surgery Clinic by Dr David Mok Plastic Surgeon\" \/>\n<meta property=\"og:url\" content=\"https:\/\/www.drmok.com\/fr\/le-relachement-de-la-peau\/\" \/>\n<meta property=\"og:site_name\" content=\"Plastic Surgeon in Montreal, Dr David Mok\" \/>\n<meta property=\"article:publisher\" content=\"https:\/\/www.facebook.com\/drmokplasticsurgery\" \/>\n<meta property=\"article:modified_time\" content=\"2022-07-29T14:18:39+00:00\" \/>\n<meta property=\"og:image\" content=\"https:\/\/www.drmok.com\/wp-content\/uploads\/2022\/03\/LOGO-mini.png\" \/>\n<meta name=\"author\" content=\"drmok\" \/>\n<meta name=\"twitter:card\" content=\"summary_large_image\" \/>\n<meta name=\"twitter:label1\" content=\"Dur\u00e9e de lecture estim\u00e9e\" \/>\n\t<meta name=\"twitter:data1\" content=\"3 minutes\" \/>\n<script type=\"application\/ld+json\" class=\"yoast-schema-graph\">{\"@context\":\"https:\/\/schema.org\",\"@graph\":[{\"@type\":\"Organization\",\"@id\":\"https:\/\/www.drmok.com\/fr\/#organization\",\"name\":\"Dr. David Mok, MD\",\"url\":\"https:\/\/www.drmok.com\/fr\/\",\"sameAs\":[\"https:\/\/www.instagram.com\/drmokplasticsurgery\/\",\"https:\/\/www.ratemds.com\/doctor-ratings\/959886\/Dr-David-Mok-St.+Hyacinthe-QC.html\/\",\"https:\/\/www.facebook.com\/drmokplasticsurgery\"],\"logo\":{\"@type\":\"ImageObject\",\"inLanguage\":\"fr-FR\",\"@id\":\"https:\/\/www.drmok.com\/fr\/#\/schema\/logo\/image\/\",\"url\":\"https:\/\/www.drmok.com\/wp-content\/uploads\/2020\/04\/moklogo.png\",\"contentUrl\":\"https:\/\/www.drmok.com\/wp-content\/uploads\/2020\/04\/moklogo.png\",\"width\":1144,\"height\":204,\"caption\":\"Dr. David Mok, MD\"},\"image\":{\"@id\":\"https:\/\/www.drmok.com\/fr\/#\/schema\/logo\/image\/\"}},{\"@type\":\"WebSite\",\"@id\":\"https:\/\/www.drmok.com\/fr\/#website\",\"url\":\"https:\/\/www.drmok.com\/fr\/\",\"name\":\"Plastic Surgeon in Montreal, Dr David Mok\",\"description\":\"Plastic Surgeon in Montreal, Dr David Mok, Esthetic Surgery Westmount Clinic\",\"publisher\":{\"@id\":\"https:\/\/www.drmok.com\/fr\/#organization\"},\"potentialAction\":[{\"@type\":\"SearchAction\",\"target\":{\"@type\":\"EntryPoint\",\"urlTemplate\":\"https:\/\/www.drmok.com\/fr\/?s={search_term_string}\"},\"query-input\":\"required name=search_term_string\"}],\"inLanguage\":\"fr-FR\"},{\"@type\":\"ImageObject\",\"inLanguage\":\"fr-FR\",\"@id\":\"https:\/\/www.drmok.com\/fr\/le-relachement-de-la-peau\/#primaryimage\",\"url\":\"https:\/\/www.drmok.com\/wp-content\/uploads\/2022\/03\/LOGO-mini.png\",\"contentUrl\":\"https:\/\/www.drmok.com\/wp-content\/uploads\/2022\/03\/LOGO-mini.png\",\"width\":58,\"height\":20},{\"@type\":\"WebPage\",\"@id\":\"https:\/\/www.drmok.com\/fr\/le-relachement-de-la-peau\/#webpage\",\"url\":\"https:\/\/www.drmok.com\/fr\/le-relachement-de-la-peau\/\",\"name\":\"Le rel\u00e2chement de la peau | Dr David Mok Montreal Plastic Surgeon\",\"isPartOf\":{\"@id\":\"https:\/\/www.drmok.com\/fr\/#website\"},\"primaryImageOfPage\":{\"@id\":\"https:\/\/www.drmok.com\/fr\/le-relachement-de-la-peau\/#primaryimage\"},\"datePublished\":\"2022-03-30T12:17:06+00:00\",\"dateModified\":\"2022-07-29T14:18:39+00:00\",\"description\":\"Le rel\u00e2chement de la peau | Montreal Plastic Surgery Clinic by Dr David Mok Plastic Surgeon\",\"breadcrumb\":{\"@id\":\"https:\/\/www.drmok.com\/fr\/le-relachement-de-la-peau\/#breadcrumb\"},\"inLanguage\":\"fr-FR\",\"potentialAction\":[{\"@type\":\"ReadAction\",\"target\":[\"https:\/\/www.drmok.com\/fr\/le-relachement-de-la-peau\/\"]}]},{\"@type\":\"BreadcrumbList\",\"@id\":\"https:\/\/www.drmok.com\/fr\/le-relachement-de-la-peau\/#breadcrumb\",\"itemListElement\":[{\"@type\":\"ListItem\",\"position\":1,\"name\":\"Home\",\"item\":\"https:\/\/www.drmok.com\/fr\/\"},{\"@type\":\"ListItem\",\"position\":2,\"name\":\"Le rel\u00e2chement de la peau\"}]}]}<\/script>\n<!-- \/ Yoast SEO plugin. -->","yoast_head_json":{"title":"Le rel\u00e2chement de la peau | Dr David Mok Montreal Plastic Surgeon","description":"Le rel\u00e2chement de la peau | Montreal Plastic Surgery Clinic by Dr David Mok Plastic Surgeon","robots":{"index":"index","follow":"follow","max-snippet":"max-snippet:-1","max-image-preview":"max-image-preview:large","max-video-preview":"max-video-preview:-1"},"canonical":"https:\/\/www.drmok.com\/fr\/le-relachement-de-la-peau\/","og_locale":"fr_FR","og_type":"article","og_title":"Le rel\u00e2chement de la peau | Dr David Mok Montreal Plastic Surgeon","og_description":"Le rel\u00e2chement de la peau | Montreal Plastic Surgery Clinic by Dr David Mok Plastic Surgeon","og_url":"https:\/\/www.drmok.com\/fr\/le-relachement-de-la-peau\/","og_site_name":"Plastic Surgeon in Montreal, Dr David Mok","article_publisher":"https:\/\/www.facebook.com\/drmokplasticsurgery","article_modified_time":"2022-07-29T14:18:39+00:00","og_image":[{"url":"https:\/\/www.drmok.com\/wp-content\/uploads\/2022\/03\/LOGO-mini.png"}],"author":"drmok","twitter_card":"summary_large_image","twitter_misc":{"Dur\u00e9e de lecture estim\u00e9e":"3 minutes"},"schema":{"@context":"https:\/\/schema.org","@graph":[{"@type":"Organization","@id":"https:\/\/www.drmok.com\/fr\/#organization","name":"Dr. David Mok, MD","url":"https:\/\/www.drmok.com\/fr\/","sameAs":["https:\/\/www.instagram.com\/drmokplasticsurgery\/","https:\/\/www.ratemds.com\/doctor-ratings\/959886\/Dr-David-Mok-St.+Hyacinthe-QC.html\/","https:\/\/www.facebook.com\/drmokplasticsurgery"],"logo":{"@type":"ImageObject","inLanguage":"fr-FR","@id":"https:\/\/www.drmok.com\/fr\/#\/schema\/logo\/image\/","url":"https:\/\/www.drmok.com\/wp-content\/uploads\/2020\/04\/moklogo.png","contentUrl":"https:\/\/www.drmok.com\/wp-content\/uploads\/2020\/04\/moklogo.png","width":1144,"height":204,"caption":"Dr. David Mok, MD"},"image":{"@id":"https:\/\/www.drmok.com\/fr\/#\/schema\/logo\/image\/"}},{"@type":"WebSite","@id":"https:\/\/www.drmok.com\/fr\/#website","url":"https:\/\/www.drmok.com\/fr\/","name":"Plastic Surgeon in Montreal, Dr David Mok","description":"Plastic Surgeon in Montreal, Dr David Mok, Esthetic Surgery Westmount Clinic","publisher":{"@id":"https:\/\/www.drmok.com\/fr\/#organization"},"potentialAction":[{"@type":"SearchAction","target":{"@type":"EntryPoint","urlTemplate":"https:\/\/www.drmok.com\/fr\/?s={search_term_string}"},"query-input":"required name=search_term_string"}],"inLanguage":"fr-FR"},{"@type":"ImageObject","inLanguage":"fr-FR","@id":"https:\/\/www.drmok.com\/fr\/le-relachement-de-la-peau\/#primaryimage","url":"https:\/\/www.drmok.com\/wp-content\/uploads\/2022\/03\/LOGO-mini.png","contentUrl":"https:\/\/www.drmok.com\/wp-content\/uploads\/2022\/03\/LOGO-mini.png","width":58,"height":20},{"@type":"WebPage","@id":"https:\/\/www.drmok.com\/fr\/le-relachement-de-la-peau\/#webpage","url":"https:\/\/www.drmok.com\/fr\/le-relachement-de-la-peau\/","name":"Le rel\u00e2chement de la peau | Dr David Mok Montreal Plastic Surgeon","isPartOf":{"@id":"https:\/\/www.drmok.com\/fr\/#website"},"primaryImageOfPage":{"@id":"https:\/\/www.drmok.com\/fr\/le-relachement-de-la-peau\/#primaryimage"},"datePublished":"2022-03-30T12:17:06+00:00","dateModified":"2022-07-29T14:18:39+00:00","description":"Le rel\u00e2chement de la peau | Montreal Plastic Surgery Clinic by Dr David Mok Plastic Surgeon","breadcrumb":{"@id":"https:\/\/www.drmok.com\/fr\/le-relachement-de-la-peau\/#breadcrumb"},"inLanguage":"fr-FR","potentialAction":[{"@type":"ReadAction","target":["https:\/\/www.drmok.com\/fr\/le-relachement-de-la-peau\/"]}]},{"@type":"BreadcrumbList","@id":"https:\/\/www.drmok.com\/fr\/le-relachement-de-la-peau\/#breadcrumb","itemListElement":[{"@type":"ListItem","position":1,"name":"Home","item":"https:\/\/www.drmok.com\/fr\/"},{"@type":"ListItem","position":2,"name":"Le rel\u00e2chement de la peau"}]}]}},"_links":{"self":[{"href":"https:\/\/www.drmok.com\/fr\/wp-json\/wp\/v2\/pages\/8748","targetHints":{"allow":["GET"]}}],"collection":[{"href":"https:\/\/www.drmok.com\/fr\/wp-json\/wp\/v2\/pages"}],"about":[{"href":"https:\/\/www.drmok.com\/fr\/wp-json\/wp\/v2\/types\/page"}],"author":[{"embeddable":true,"href":"https:\/\/www.drmok.com\/fr\/wp-json\/wp\/v2\/users\/3"}],"replies":[{"embeddable":true,"href":"https:\/\/www.drmok.com\/fr\/wp-json\/wp\/v2\/comments?post=8748"}],"version-history":[{"count":4,"href":"https:\/\/www.drmok.com\/fr\/wp-json\/wp\/v2\/pages\/8748\/revisions"}],"predecessor-version":[{"id":9271,"href":"https:\/\/www.drmok.com\/fr\/wp-json\/wp\/v2\/pages\/8748\/revisions\/9271"}],"wp:attachment":[{"href":"https:\/\/www.drmok.com\/fr\/wp-json\/wp\/v2\/media?parent=8748"}],"curies":[{"name":"wp","href":"https:\/\/api.w.org\/{rel}","templated":true}]}}