{"id":8742,"date":"2022-03-30T15:17:45","date_gmt":"2022-03-30T12:17:45","guid":{"rendered":"https:\/\/www.drmok.com\/sacs-sous-les-yeux\/"},"modified":"2022-07-29T17:21:22","modified_gmt":"2022-07-29T14:21:22","slug":"poches-sous-les-yeux","status":"publish","type":"page","link":"https:\/\/www.drmok.com\/fr\/poches-sous-les-yeux\/","title":{"rendered":"Poches sous les yeux"},"content":{"rendered":"\t\t<div data-elementor-type=\"wp-page\" data-elementor-id=\"8742\" class=\"elementor elementor-8742 elementor-3627\">\n\t\t\t\t\t\t<div class=\"elementor-inner\">\n\t\t\t\t<div class=\"elementor-section-wrap\">\n\t\t\t\t\t\t\t\t\t<section class=\"elementor-section elementor-top-section elementor-element elementor-element-05a1de6 elementor-reverse-tablet elementor-reverse-mobile elementor-section-height-min-height elementor-section-stretched elementor-section-full_width elementor-section-height-default elementor-section-items-middle\" data-id=\"05a1de6\" data-element_type=\"section\" id=\"hero\" data-settings=\"{&quot;stretch_section&quot;:&quot;section-stretched&quot;,&quot;background_background&quot;:&quot;classic&quot;}\">\n\t\t\t\t\t\t\t<div class=\"elementor-background-overlay\"><\/div>\n\t\t\t\t\t\t\t<div class=\"elementor-container elementor-column-gap-wide\">\n\t\t\t\t\t\t\t<div class=\"elementor-row\">\n\t\t\t\t\t<div class=\"elementor-column elementor-col-50 elementor-top-column elementor-element elementor-element-2429b914\" data-id=\"2429b914\" data-element_type=\"column\">\n\t\t\t<div class=\"elementor-column-wrap\">\n\t\t\t\t\t\t\t<div class=\"elementor-widget-wrap\">\n\t\t\t\t\t\t\t\t<\/div>\n\t\t\t\t\t<\/div>\n\t\t<\/div>\n\t\t\t\t<div class=\"elementor-column elementor-col-50 elementor-top-column elementor-element elementor-element-8d45dec\" data-id=\"8d45dec\" data-element_type=\"column\">\n\t\t\t<div class=\"elementor-column-wrap elementor-element-populated\">\n\t\t\t\t\t\t\t<div class=\"elementor-widget-wrap\">\n\t\t\t\t\t\t<div class=\"elementor-element elementor-element-89bfa5d elementor-invisible elementor-widget elementor-widget-heading\" data-id=\"89bfa5d\" data-element_type=\"widget\" data-settings=\"{&quot;_animation&quot;:&quot;fadeInLeft&quot;}\" data-widget_type=\"heading.default\">\n\t\t\t\t<div class=\"elementor-widget-container\">\n\t\t\t<h1 class=\"elementor-heading-title elementor-size-default\">Poches sous les yeux<\/h1>\t\t<\/div>\n\t\t\t\t<\/div>\n\t\t\t\t\t\t<\/div>\n\t\t\t\t\t<\/div>\n\t\t<\/div>\n\t\t\t\t\t\t\t\t<\/div>\n\t\t\t\t\t<\/div>\n\t\t<\/section>\n\t\t\t\t<section class=\"elementor-section elementor-top-section elementor-element elementor-element-caec150 elementor-section-boxed elementor-section-height-default elementor-section-height-default\" data-id=\"caec150\" data-element_type=\"section\" data-settings=\"{&quot;shape_divider_top&quot;:&quot;mountains&quot;}\">\n\t\t\t\t\t<div class=\"elementor-shape elementor-shape-top\" data-negative=\"false\">\n\t\t\t<svg xmlns=\"http:\/\/www.w3.org\/2000\/svg\" viewBox=\"0 0 1000 100\" preserveAspectRatio=\"none\">\n\t<path class=\"elementor-shape-fill\" opacity=\"0.33\" d=\"M473,67.3c-203.9,88.3-263.1-34-320.3,0C66,119.1,0,59.7,0,59.7V0h1000v59.7 c0,0-62.1,26.1-94.9,29.3c-32.8,3.3-62.8-12.3-75.8-22.1C806,49.6,745.3,8.7,694.9,4.7S492.4,59,473,67.3z\"\/>\n\t<path class=\"elementor-shape-fill\" opacity=\"0.66\" d=\"M734,67.3c-45.5,0-77.2-23.2-129.1-39.1c-28.6-8.7-150.3-10.1-254,39.1 s-91.7-34.4-149.2,0C115.7,118.3,0,39.8,0,39.8V0h1000v36.5c0,0-28.2-18.5-92.1-18.5C810.2,18.1,775.7,67.3,734,67.3z\"\/>\n\t<path class=\"elementor-shape-fill\" d=\"M766.1,28.9c-200-57.5-266,65.5-395.1,19.5C242,1.8,242,5.4,184.8,20.6C128,35.8,132.3,44.9,89.9,52.5C28.6,63.7,0,0,0,0 h1000c0,0-9.9,40.9-83.6,48.1S829.6,47,766.1,28.9z\"\/>\n<\/svg>\t\t<\/div>\n\t\t\t\t\t<div class=\"elementor-container elementor-column-gap-default\">\n\t\t\t\t\t\t\t<div class=\"elementor-row\">\n\t\t\t\t\t<div class=\"elementor-column elementor-col-100 elementor-top-column elementor-element elementor-element-b95e701\" data-id=\"b95e701\" data-element_type=\"column\">\n\t\t\t<div class=\"elementor-column-wrap elementor-element-populated\">\n\t\t\t\t\t\t\t<div class=\"elementor-widget-wrap\">\n\t\t\t\t\t\t<div class=\"elementor-element elementor-element-366d518 elementor-invisible elementor-widget elementor-widget-text-editor\" data-id=\"366d518\" data-element_type=\"widget\" data-settings=\"{&quot;_animation&quot;:&quot;fadeInLeft&quot;}\" data-widget_type=\"text-editor.default\">\n\t\t\t\t<div class=\"elementor-widget-container\">\n\t\t\t\t\t\t\t\t<div class=\"elementor-text-editor elementor-clearfix\">\n\t\t\t\t<p>Si les poches sous les yeux vont et viennent, les patients sont toujours g\u00ean\u00e9s par leur apparition malgr\u00e9 leurs efforts pour utiliser des soins de qualit\u00e9 et dormir suffisamment. Les contours qui fa\u00e7onnent le dessous de l&rsquo;\u0153il dans la zone des joues peuvent \u00eatre difficiles \u00e0 dissimuler avec une transition lisse et jeune. Les poches, les cernes et l&rsquo;affaissement de la peau peuvent tous \u00eatre trait\u00e9s dans notre cabinet.<\/p><p>Les poches sous les yeux apparaissent souvent avec l&rsquo;\u00e2ge, car la peau se d\u00e9tend et perd sa capacit\u00e9 \u00e0 maintenir une apparence lift\u00e9e et \u00e9claircie. Le r\u00e9sultat peut \u00eatre une petite poche, un aspect terne et fatigu\u00e9. Les habitudes de vie et l&rsquo;accumulation excessive de liquide peuvent contribuer \u00e0 l&rsquo;apparition de poches sous les yeux, ce qui rend les paupi\u00e8res inf\u00e9rieures encore plus gonfl\u00e9es. Notre cabinet propose une vari\u00e9t\u00e9 de traitements non chirurgicaux pour am\u00e9liorer la peau sous l&rsquo;\u0153il, favoriser la production de nouveau collag\u00e8ne et donner aux patients une apparence plus repos\u00e9e et rajeunie.<\/p>\t\t\t\t\t<\/div>\n\t\t\t\t\t\t<\/div>\n\t\t\t\t<\/div>\n\t\t\t\t\t\t<\/div>\n\t\t\t\t\t<\/div>\n\t\t<\/div>\n\t\t\t\t\t\t\t\t<\/div>\n\t\t\t\t\t<\/div>\n\t\t<\/section>\n\t\t\t\t<section class=\"elementor-section elementor-top-section elementor-element elementor-element-10adc99 elementor-section-boxed elementor-section-height-default elementor-section-height-default\" data-id=\"10adc99\" data-element_type=\"section\" id=\"offer\" data-settings=\"{&quot;background_background&quot;:&quot;classic&quot;}\">\n\t\t\t\t\t\t\t<div class=\"elementor-background-overlay\"><\/div>\n\t\t\t\t\t\t\t<div class=\"elementor-container elementor-column-gap-default\">\n\t\t\t\t\t\t\t<div class=\"elementor-row\">\n\t\t\t\t\t<div class=\"elementor-column elementor-col-100 elementor-top-column elementor-element elementor-element-3be2e7a\" data-id=\"3be2e7a\" data-element_type=\"column\">\n\t\t\t<div class=\"elementor-column-wrap elementor-element-populated\">\n\t\t\t\t\t\t\t<div class=\"elementor-widget-wrap\">\n\t\t\t\t\t\t<div class=\"elementor-element elementor-element-b36855e elementor-invisible elementor-widget elementor-widget-heading\" data-id=\"b36855e\" data-element_type=\"widget\" data-settings=\"{&quot;_animation&quot;:&quot;fadeInLeft&quot;}\" data-widget_type=\"heading.default\">\n\t\t\t\t<div class=\"elementor-widget-container\">\n\t\t\t<h2 class=\"elementor-heading-title elementor-size-default\">Traitements que nous proposons<\/h2>\t\t<\/div>\n\t\t\t\t<\/div>\n\t\t\t\t<div class=\"elementor-element elementor-element-690f188 elementor-widget elementor-widget-premium-divider\" data-id=\"690f188\" data-element_type=\"widget\" data-widget_type=\"premium-divider.default\">\n\t\t\t\t<div class=\"elementor-widget-container\">\n\t\t\t\n\t<div id=\"premium-separator-container-690f188\" class=\"premium-separator-container premium-separator-solid\" data-settings='solid'>\n\t\t<div class=\"premium-separator-wrapper\">\n\t\t\t<div class=\"premium-separator-wrapper-separator\">\n\t\t\t\t<div class=\"premium-separator-wrapper-separator-divider\">\n\t\t\t\t\t<div class=\"premium-separator-wrapper-separator-divider-main-inner\">\n\t\t\t\t\t\t\t\t\t\t\t\t\t\t\n\t\t\t\t\t\t\t<div class=\"premium-separator-wrapper-separator-divider-inner\">\n\t\t\t\t\t\t\t\t<div class=\"premium-separator-wrapper-separator-divider-left premium-separator-left-side\">\n\t\t\t\t\t\t\t\t\t<hr>\t\t\t\t\t\t\t\t<\/div>\n\t\t\t\t\t\t\t\t<div class=\"premium-separator-wrapper-separator-divider-icon\">\n\t\t\t\t\t\t\t\t\t\t\t\t\t\t\t\t\t\t\t<div class=\"premium-separator-icon-wrap premium-separator-img-icon\">\n\t\t\t\t\t\t\t\t\t\t\t\t\t\t\t\t\t\t\t\t\t\t<img decoding=\"async\" src=\"https:\/\/www.drmok.com\/wp-content\/uploads\/2022\/03\/LOGO-mini.png\">\n\t\t\t\t\t\t\t\t\t\t<\/div>\n\t\t\t\t\t\t\t\t\t\t\t\t\t\t\t\t\t<\/div>\n\t\t\t\t\t\t\t\t<div class=\"premium-separator-wrapper-separator-divider-right premium-separator-right-side\">\n\t\t\t\t\t\t\t\t\t<hr>\t\t\t\t\t\t\t\t<\/div>\n\t\t\t\t\t\t\t<\/div>\n\t\t\t\t\t\t\t\t\n\t\t\t\t\t\t\t\t\t\t\t\t\n\t\t\t\t\t\t<\/div>\n\t\t\t\t\t\n\t\t\t\t\t<\/div>\n\t\t\t\t\n\t\t\t<\/div>\n\t\t\t\n\t\t\t<div class=\"premium-clearfix\"><\/div>\n\t\t\t\n\t\t<\/div>\n\t\t\n\t<\/div>\n\n\t\t\t\t<\/div>\n\t\t\t\t<\/div>\n\t\t\t\t<section class=\"elementor-section elementor-inner-section elementor-element elementor-element-8fc7b0d elementor-section-boxed elementor-section-height-default elementor-section-height-default\" data-id=\"8fc7b0d\" data-element_type=\"section\">\n\t\t\t\t\t\t<div class=\"elementor-container elementor-column-gap-default\">\n\t\t\t\t\t\t\t<div class=\"elementor-row\">\n\t\t\t\t\t<div class=\"elementor-column elementor-col-33 elementor-inner-column elementor-element elementor-element-b20ce97\" data-id=\"b20ce97\" data-element_type=\"column\">\n\t\t\t<div class=\"elementor-column-wrap elementor-element-populated\">\n\t\t\t\t\t\t\t<div class=\"elementor-widget-wrap\">\n\t\t\t\t\t\t<div class=\"elementor-element elementor-element-a741b3f elementor-widget elementor-widget-html\" data-id=\"a741b3f\" data-element_type=\"widget\" data-widget_type=\"html.default\">\n\t\t\t\t<div class=\"elementor-widget-container\">\n\t\t\t<a class=\"hood\" href=\"https:\/\/www.drmok.com\/fr\/procedures-non-chirurgicales\/accutite\/\">\r\n<figure>\r\n<img decoding=\"async\" width=\"800\" height=\"600\" src=\"https:\/\/www.drmok.com\/wp-content\/uploads\/2022\/03\/accut.jpg\" loading=\"lazy\">\r\n<figcaption>\r\n<h3>AccuTite<\/h3>\r\n<p>Obtenir une apparence plus jeune\r\navec AccuTite<\/p>\r\n<\/figcaption>\r\n<\/figure>\r\n<\/a>\t\t<\/div>\n\t\t\t\t<\/div>\n\t\t\t\t\t\t<\/div>\n\t\t\t\t\t<\/div>\n\t\t<\/div>\n\t\t\t\t<div class=\"elementor-column elementor-col-33 elementor-inner-column elementor-element elementor-element-1a6c058\" data-id=\"1a6c058\" data-element_type=\"column\">\n\t\t\t<div class=\"elementor-column-wrap elementor-element-populated\">\n\t\t\t\t\t\t\t<div class=\"elementor-widget-wrap\">\n\t\t\t\t\t\t<div class=\"elementor-element elementor-element-3627773 elementor-widget elementor-widget-html\" data-id=\"3627773\" data-element_type=\"widget\" data-widget_type=\"html.default\">\n\t\t\t\t<div class=\"elementor-widget-container\">\n\t\t\t<a class=\"hood\" href=\"https:\/\/www.drmok.com\/fr\/procedures-non-chirurgicales\/produits-de-comblement-dermique\/\">\r\n<figure>\r\n<img decoding=\"async\" width=\"800\" height=\"600\" src=\"https:\/\/www.drmok.com\/wp-content\/uploads\/2022\/03\/dermal_slide_m.jpg\" loading=\"lazy\">\r\n<figcaption>\r\n<h3>Agents de comblement dermique<\/h3>\r\n<p>Rajeunissez votre visage gr\u00e2ce aux comblements dermiques<\/p>\r\n<\/figcaption>\r\n<\/figure>\r\n<\/a>\t\t<\/div>\n\t\t\t\t<\/div>\n\t\t\t\t\t\t<\/div>\n\t\t\t\t\t<\/div>\n\t\t<\/div>\n\t\t\t\t<div class=\"elementor-column elementor-col-33 elementor-inner-column elementor-element elementor-element-b841964\" data-id=\"b841964\" data-element_type=\"column\">\n\t\t\t<div class=\"elementor-column-wrap elementor-element-populated\">\n\t\t\t\t\t\t\t<div class=\"elementor-widget-wrap\">\n\t\t\t\t\t\t<div class=\"elementor-element elementor-element-dfd784a elementor-widget elementor-widget-html\" data-id=\"dfd784a\" data-element_type=\"widget\" data-widget_type=\"html.default\">\n\t\t\t\t<div class=\"elementor-widget-container\">\n\t\t\t<a class=\"hood\" href=\"https:\/\/www.drmok.com\/fr\/procedures-non-chirurgicales\/facetite\/\">\r\n<figure>\r\n<img decoding=\"async\" width=\"800\" height=\"600\" src=\"https:\/\/www.drmok.com\/wp-content\/uploads\/2022\/03\/faceT_sl_m.jpg\" loading=\"lazy\">\r\n<figcaption>\r\n<h3>FaceTite<\/h3>\r\n<p>Resserrez votre visage pour para\u00eetre plus jeune avec FaceTite<\/p>\r\n<\/figcaption>\r\n<\/figure>\r\n<\/a>\t\t<\/div>\n\t\t\t\t<\/div>\n\t\t\t\t\t\t<\/div>\n\t\t\t\t\t<\/div>\n\t\t<\/div>\n\t\t\t\t\t\t\t\t<\/div>\n\t\t\t\t\t<\/div>\n\t\t<\/section>\n\t\t\t\t\t\t<\/div>\n\t\t\t\t\t<\/div>\n\t\t<\/div>\n\t\t\t\t\t\t\t\t<\/div>\n\t\t\t\t\t<\/div>\n\t\t<\/section>\n\t\t\t\t\t\t\t\t\t<\/div>\n\t\t\t<\/div>\n\t\t\t\t\t<\/div>\n\t\t","protected":false},"excerpt":{"rendered":"<p>Poches sous les yeux Si les poches sous les yeux vont et viennent, les patients sont toujours g\u00ean\u00e9s par leur apparition malgr\u00e9 leurs efforts pour utiliser des soins de qualit\u00e9 et dormir suffisamment. Les contours qui fa\u00e7onnent le dessous de l&rsquo;\u0153il dans la zone des joues peuvent \u00eatre difficiles \u00e0 dissimuler avec une transition lisse&hellip;<\/p>\n","protected":false},"author":3,"featured_media":0,"parent":0,"menu_order":0,"comment_status":"closed","ping_status":"closed","template":"elementor_header_footer","meta":{"footnotes":""},"class_list":["post-8742","page","type-page","status-publish","hentry"],"yoast_head":"<!-- This site is optimized with the Yoast SEO plugin v19.2 - https:\/\/yoast.com\/wordpress\/plugins\/seo\/ -->\n<title>Poches sous les yeux | Dr David Mok Montreal Plastic Surgeon<\/title>\n<meta name=\"description\" content=\"Poches sous les yeux | Montreal Plastic Surgery Clinic by Dr David Mok Plastic Surgeon\" \/>\n<meta name=\"robots\" content=\"index, follow, max-snippet:-1, max-image-preview:large, max-video-preview:-1\" \/>\n<link rel=\"canonical\" href=\"https:\/\/www.drmok.com\/fr\/poches-sous-les-yeux\/\" \/>\n<meta property=\"og:locale\" content=\"fr_FR\" \/>\n<meta property=\"og:type\" content=\"article\" \/>\n<meta property=\"og:title\" content=\"Poches sous les yeux | Dr David Mok Montreal Plastic Surgeon\" \/>\n<meta property=\"og:description\" content=\"Poches sous les yeux | Montreal Plastic Surgery Clinic by Dr David Mok Plastic Surgeon\" \/>\n<meta property=\"og:url\" content=\"https:\/\/www.drmok.com\/fr\/poches-sous-les-yeux\/\" \/>\n<meta property=\"og:site_name\" content=\"Plastic Surgeon in Montreal, Dr David Mok\" \/>\n<meta property=\"article:publisher\" content=\"https:\/\/www.facebook.com\/drmokplasticsurgery\" \/>\n<meta property=\"article:modified_time\" content=\"2022-07-29T14:21:22+00:00\" \/>\n<meta property=\"og:image\" content=\"https:\/\/www.drmok.com\/wp-content\/uploads\/2022\/03\/LOGO-mini.png\" \/>\n<meta name=\"author\" content=\"drmok\" \/>\n<meta name=\"twitter:card\" content=\"summary_large_image\" \/>\n<meta name=\"twitter:label1\" content=\"Dur\u00e9e de lecture estim\u00e9e\" \/>\n\t<meta name=\"twitter:data1\" content=\"2 minutes\" \/>\n<script type=\"application\/ld+json\" class=\"yoast-schema-graph\">{\"@context\":\"https:\/\/schema.org\",\"@graph\":[{\"@type\":\"Organization\",\"@id\":\"https:\/\/www.drmok.com\/fr\/#organization\",\"name\":\"Dr. David Mok, MD\",\"url\":\"https:\/\/www.drmok.com\/fr\/\",\"sameAs\":[\"https:\/\/www.instagram.com\/drmokplasticsurgery\/\",\"https:\/\/www.ratemds.com\/doctor-ratings\/959886\/Dr-David-Mok-St.+Hyacinthe-QC.html\/\",\"https:\/\/www.facebook.com\/drmokplasticsurgery\"],\"logo\":{\"@type\":\"ImageObject\",\"inLanguage\":\"fr-FR\",\"@id\":\"https:\/\/www.drmok.com\/fr\/#\/schema\/logo\/image\/\",\"url\":\"https:\/\/www.drmok.com\/wp-content\/uploads\/2020\/04\/moklogo.png\",\"contentUrl\":\"https:\/\/www.drmok.com\/wp-content\/uploads\/2020\/04\/moklogo.png\",\"width\":1144,\"height\":204,\"caption\":\"Dr. David Mok, MD\"},\"image\":{\"@id\":\"https:\/\/www.drmok.com\/fr\/#\/schema\/logo\/image\/\"}},{\"@type\":\"WebSite\",\"@id\":\"https:\/\/www.drmok.com\/fr\/#website\",\"url\":\"https:\/\/www.drmok.com\/fr\/\",\"name\":\"Plastic Surgeon in Montreal, Dr David Mok\",\"description\":\"Plastic Surgeon in Montreal, Dr David Mok, Esthetic Surgery Westmount Clinic\",\"publisher\":{\"@id\":\"https:\/\/www.drmok.com\/fr\/#organization\"},\"potentialAction\":[{\"@type\":\"SearchAction\",\"target\":{\"@type\":\"EntryPoint\",\"urlTemplate\":\"https:\/\/www.drmok.com\/fr\/?s={search_term_string}\"},\"query-input\":\"required name=search_term_string\"}],\"inLanguage\":\"fr-FR\"},{\"@type\":\"ImageObject\",\"inLanguage\":\"fr-FR\",\"@id\":\"https:\/\/www.drmok.com\/fr\/poches-sous-les-yeux\/#primaryimage\",\"url\":\"https:\/\/www.drmok.com\/wp-content\/uploads\/2022\/03\/LOGO-mini.png\",\"contentUrl\":\"https:\/\/www.drmok.com\/wp-content\/uploads\/2022\/03\/LOGO-mini.png\",\"width\":58,\"height\":20},{\"@type\":\"WebPage\",\"@id\":\"https:\/\/www.drmok.com\/fr\/poches-sous-les-yeux\/#webpage\",\"url\":\"https:\/\/www.drmok.com\/fr\/poches-sous-les-yeux\/\",\"name\":\"Poches sous les yeux | Dr David Mok Montreal Plastic Surgeon\",\"isPartOf\":{\"@id\":\"https:\/\/www.drmok.com\/fr\/#website\"},\"primaryImageOfPage\":{\"@id\":\"https:\/\/www.drmok.com\/fr\/poches-sous-les-yeux\/#primaryimage\"},\"datePublished\":\"2022-03-30T12:17:45+00:00\",\"dateModified\":\"2022-07-29T14:21:22+00:00\",\"description\":\"Poches sous les yeux | Montreal Plastic Surgery Clinic by Dr David Mok Plastic Surgeon\",\"breadcrumb\":{\"@id\":\"https:\/\/www.drmok.com\/fr\/poches-sous-les-yeux\/#breadcrumb\"},\"inLanguage\":\"fr-FR\",\"potentialAction\":[{\"@type\":\"ReadAction\",\"target\":[\"https:\/\/www.drmok.com\/fr\/poches-sous-les-yeux\/\"]}]},{\"@type\":\"BreadcrumbList\",\"@id\":\"https:\/\/www.drmok.com\/fr\/poches-sous-les-yeux\/#breadcrumb\",\"itemListElement\":[{\"@type\":\"ListItem\",\"position\":1,\"name\":\"Home\",\"item\":\"https:\/\/www.drmok.com\/fr\/\"},{\"@type\":\"ListItem\",\"position\":2,\"name\":\"Poches sous les yeux\"}]}]}<\/script>\n<!-- \/ Yoast SEO plugin. -->","yoast_head_json":{"title":"Poches sous les yeux | Dr David Mok Montreal Plastic Surgeon","description":"Poches sous les yeux | Montreal Plastic Surgery Clinic by Dr David Mok Plastic Surgeon","robots":{"index":"index","follow":"follow","max-snippet":"max-snippet:-1","max-image-preview":"max-image-preview:large","max-video-preview":"max-video-preview:-1"},"canonical":"https:\/\/www.drmok.com\/fr\/poches-sous-les-yeux\/","og_locale":"fr_FR","og_type":"article","og_title":"Poches sous les yeux | Dr David Mok Montreal Plastic Surgeon","og_description":"Poches sous les yeux | Montreal Plastic Surgery Clinic by Dr David Mok Plastic Surgeon","og_url":"https:\/\/www.drmok.com\/fr\/poches-sous-les-yeux\/","og_site_name":"Plastic Surgeon in Montreal, Dr David Mok","article_publisher":"https:\/\/www.facebook.com\/drmokplasticsurgery","article_modified_time":"2022-07-29T14:21:22+00:00","og_image":[{"url":"https:\/\/www.drmok.com\/wp-content\/uploads\/2022\/03\/LOGO-mini.png"}],"author":"drmok","twitter_card":"summary_large_image","twitter_misc":{"Dur\u00e9e de lecture estim\u00e9e":"2 minutes"},"schema":{"@context":"https:\/\/schema.org","@graph":[{"@type":"Organization","@id":"https:\/\/www.drmok.com\/fr\/#organization","name":"Dr. David Mok, MD","url":"https:\/\/www.drmok.com\/fr\/","sameAs":["https:\/\/www.instagram.com\/drmokplasticsurgery\/","https:\/\/www.ratemds.com\/doctor-ratings\/959886\/Dr-David-Mok-St.+Hyacinthe-QC.html\/","https:\/\/www.facebook.com\/drmokplasticsurgery"],"logo":{"@type":"ImageObject","inLanguage":"fr-FR","@id":"https:\/\/www.drmok.com\/fr\/#\/schema\/logo\/image\/","url":"https:\/\/www.drmok.com\/wp-content\/uploads\/2020\/04\/moklogo.png","contentUrl":"https:\/\/www.drmok.com\/wp-content\/uploads\/2020\/04\/moklogo.png","width":1144,"height":204,"caption":"Dr. David Mok, MD"},"image":{"@id":"https:\/\/www.drmok.com\/fr\/#\/schema\/logo\/image\/"}},{"@type":"WebSite","@id":"https:\/\/www.drmok.com\/fr\/#website","url":"https:\/\/www.drmok.com\/fr\/","name":"Plastic Surgeon in Montreal, Dr David Mok","description":"Plastic Surgeon in Montreal, Dr David Mok, Esthetic Surgery Westmount Clinic","publisher":{"@id":"https:\/\/www.drmok.com\/fr\/#organization"},"potentialAction":[{"@type":"SearchAction","target":{"@type":"EntryPoint","urlTemplate":"https:\/\/www.drmok.com\/fr\/?s={search_term_string}"},"query-input":"required name=search_term_string"}],"inLanguage":"fr-FR"},{"@type":"ImageObject","inLanguage":"fr-FR","@id":"https:\/\/www.drmok.com\/fr\/poches-sous-les-yeux\/#primaryimage","url":"https:\/\/www.drmok.com\/wp-content\/uploads\/2022\/03\/LOGO-mini.png","contentUrl":"https:\/\/www.drmok.com\/wp-content\/uploads\/2022\/03\/LOGO-mini.png","width":58,"height":20},{"@type":"WebPage","@id":"https:\/\/www.drmok.com\/fr\/poches-sous-les-yeux\/#webpage","url":"https:\/\/www.drmok.com\/fr\/poches-sous-les-yeux\/","name":"Poches sous les yeux | Dr David Mok Montreal Plastic Surgeon","isPartOf":{"@id":"https:\/\/www.drmok.com\/fr\/#website"},"primaryImageOfPage":{"@id":"https:\/\/www.drmok.com\/fr\/poches-sous-les-yeux\/#primaryimage"},"datePublished":"2022-03-30T12:17:45+00:00","dateModified":"2022-07-29T14:21:22+00:00","description":"Poches sous les yeux | Montreal Plastic Surgery Clinic by Dr David Mok Plastic Surgeon","breadcrumb":{"@id":"https:\/\/www.drmok.com\/fr\/poches-sous-les-yeux\/#breadcrumb"},"inLanguage":"fr-FR","potentialAction":[{"@type":"ReadAction","target":["https:\/\/www.drmok.com\/fr\/poches-sous-les-yeux\/"]}]},{"@type":"BreadcrumbList","@id":"https:\/\/www.drmok.com\/fr\/poches-sous-les-yeux\/#breadcrumb","itemListElement":[{"@type":"ListItem","position":1,"name":"Home","item":"https:\/\/www.drmok.com\/fr\/"},{"@type":"ListItem","position":2,"name":"Poches sous les yeux"}]}]}},"_links":{"self":[{"href":"https:\/\/www.drmok.com\/fr\/wp-json\/wp\/v2\/pages\/8742","targetHints":{"allow":["GET"]}}],"collection":[{"href":"https:\/\/www.drmok.com\/fr\/wp-json\/wp\/v2\/pages"}],"about":[{"href":"https:\/\/www.drmok.com\/fr\/wp-json\/wp\/v2\/types\/page"}],"author":[{"embeddable":true,"href":"https:\/\/www.drmok.com\/fr\/wp-json\/wp\/v2\/users\/3"}],"replies":[{"embeddable":true,"href":"https:\/\/www.drmok.com\/fr\/wp-json\/wp\/v2\/comments?post=8742"}],"version-history":[{"count":8,"href":"https:\/\/www.drmok.com\/fr\/wp-json\/wp\/v2\/pages\/8742\/revisions"}],"predecessor-version":[{"id":9284,"href":"https:\/\/www.drmok.com\/fr\/wp-json\/wp\/v2\/pages\/8742\/revisions\/9284"}],"wp:attachment":[{"href":"https:\/\/www.drmok.com\/fr\/wp-json\/wp\/v2\/media?parent=8742"}],"curies":[{"name":"wp","href":"https:\/\/api.w.org\/{rel}","templated":true}]}}