{"id":8666,"date":"2022-06-17T16:44:37","date_gmt":"2022-06-17T13:44:37","guid":{"rendered":"https:\/\/www.drmok.com\/consultation-virtuelle\/"},"modified":"2022-07-14T17:09:23","modified_gmt":"2022-07-14T14:09:23","slug":"consultation-virtuelle","status":"publish","type":"page","link":"https:\/\/www.drmok.com\/fr\/consultation-virtuelle\/","title":{"rendered":"Consultation virtuelle"},"content":{"rendered":"\t\t<div data-elementor-type=\"wp-page\" data-elementor-id=\"8666\" class=\"elementor elementor-8666 elementor-5727\">\n\t\t\t\t\t\t<div class=\"elementor-inner\">\n\t\t\t\t<div class=\"elementor-section-wrap\">\n\t\t\t\t\t\t\t\t\t<section class=\"elementor-section elementor-top-section elementor-element elementor-element-dff91ac elementor-reverse-tablet elementor-reverse-mobile elementor-section-height-full elementor-section-stretched elementor-section-full_width elementor-section-height-default elementor-section-items-middle\" data-id=\"dff91ac\" data-element_type=\"section\" id=\"hero\" data-settings=\"{&quot;stretch_section&quot;:&quot;section-stretched&quot;,&quot;background_background&quot;:&quot;classic&quot;}\">\n\t\t\t\t\t\t\t<div class=\"elementor-background-overlay\"><\/div>\n\t\t\t\t\t\t\t<div class=\"elementor-container elementor-column-gap-wide\">\n\t\t\t\t\t\t\t<div class=\"elementor-row\">\n\t\t\t\t\t<div class=\"elementor-column elementor-col-50 elementor-top-column elementor-element elementor-element-25d4e76\" data-id=\"25d4e76\" data-element_type=\"column\">\n\t\t\t<div class=\"elementor-column-wrap\">\n\t\t\t\t\t\t\t<div class=\"elementor-widget-wrap\">\n\t\t\t\t\t\t\t\t<\/div>\n\t\t\t\t\t<\/div>\n\t\t<\/div>\n\t\t\t\t<div class=\"elementor-column elementor-col-50 elementor-top-column elementor-element elementor-element-201433b\" data-id=\"201433b\" data-element_type=\"column\">\n\t\t\t<div class=\"elementor-column-wrap elementor-element-populated\">\n\t\t\t\t\t\t\t<div class=\"elementor-widget-wrap\">\n\t\t\t\t\t\t<div class=\"elementor-element elementor-element-064b440 elementor-invisible elementor-widget elementor-widget-heading\" data-id=\"064b440\" data-element_type=\"widget\" data-settings=\"{&quot;_animation&quot;:&quot;fadeIn&quot;}\" data-widget_type=\"heading.default\">\n\t\t\t\t<div class=\"elementor-widget-container\">\n\t\t\t<h1 class=\"elementor-heading-title elementor-size-default\">La consultation virtuelle<br\/><em>Une discussion dans le confort de votre maison<\/em><\/h1>\t\t<\/div>\n\t\t\t\t<\/div>\n\t\t\t\t\t\t<\/div>\n\t\t\t\t\t<\/div>\n\t\t<\/div>\n\t\t\t\t\t\t\t\t<\/div>\n\t\t\t\t\t<\/div>\n\t\t<\/section>\n\t\t\t\t<section class=\"elementor-section elementor-top-section elementor-element elementor-element-3e7b70f elementor-section-boxed elementor-section-height-default elementor-section-height-default\" data-id=\"3e7b70f\" data-element_type=\"section\" id=\"nonsur\" data-settings=\"{&quot;shape_divider_top&quot;:&quot;mountains&quot;}\">\n\t\t\t\t\t<div class=\"elementor-shape elementor-shape-top\" data-negative=\"false\">\n\t\t\t<svg xmlns=\"http:\/\/www.w3.org\/2000\/svg\" viewBox=\"0 0 1000 100\" preserveAspectRatio=\"none\">\n\t<path class=\"elementor-shape-fill\" opacity=\"0.33\" d=\"M473,67.3c-203.9,88.3-263.1-34-320.3,0C66,119.1,0,59.7,0,59.7V0h1000v59.7 c0,0-62.1,26.1-94.9,29.3c-32.8,3.3-62.8-12.3-75.8-22.1C806,49.6,745.3,8.7,694.9,4.7S492.4,59,473,67.3z\"\/>\n\t<path class=\"elementor-shape-fill\" opacity=\"0.66\" d=\"M734,67.3c-45.5,0-77.2-23.2-129.1-39.1c-28.6-8.7-150.3-10.1-254,39.1 s-91.7-34.4-149.2,0C115.7,118.3,0,39.8,0,39.8V0h1000v36.5c0,0-28.2-18.5-92.1-18.5C810.2,18.1,775.7,67.3,734,67.3z\"\/>\n\t<path class=\"elementor-shape-fill\" d=\"M766.1,28.9c-200-57.5-266,65.5-395.1,19.5C242,1.8,242,5.4,184.8,20.6C128,35.8,132.3,44.9,89.9,52.5C28.6,63.7,0,0,0,0 h1000c0,0-9.9,40.9-83.6,48.1S829.6,47,766.1,28.9z\"\/>\n<\/svg>\t\t<\/div>\n\t\t\t\t\t<div class=\"elementor-container elementor-column-gap-default\">\n\t\t\t\t\t\t\t<div class=\"elementor-row\">\n\t\t\t\t\t<div class=\"elementor-column elementor-col-100 elementor-top-column elementor-element elementor-element-b2da0c1\" data-id=\"b2da0c1\" data-element_type=\"column\">\n\t\t\t<div class=\"elementor-column-wrap elementor-element-populated\">\n\t\t\t\t\t\t\t<div class=\"elementor-widget-wrap\">\n\t\t\t\t\t\t<div class=\"elementor-element elementor-element-1eb82f2 elementor-invisible elementor-widget elementor-widget-text-editor\" data-id=\"1eb82f2\" data-element_type=\"widget\" data-settings=\"{&quot;_animation&quot;:&quot;fadeInLeft&quot;}\" data-widget_type=\"text-editor.default\">\n\t\t\t\t<div class=\"elementor-widget-container\">\n\t\t\t\t\t\t\t\t<div class=\"elementor-text-editor elementor-clearfix\">\n\t\t\t\t<p>Planifiez une consultation priv\u00e9e en ligne. Dans le confort de votre maison<\/p><p>Le Dr David Mok propose des consultations virtuelles pour la commodit\u00e9 des patients qui vivent en dehors de la grande r\u00e9gion de Montr\u00e9al, ainsi qu&rsquo;une solution \u00e0 tous les patients qui souhaitent obtenir une premi\u00e8re \u00e9valuation dans le confort de leur foyer.<\/p>\t\t\t\t\t<\/div>\n\t\t\t\t\t\t<\/div>\n\t\t\t\t<\/div>\n\t\t\t\t\t\t<\/div>\n\t\t\t\t\t<\/div>\n\t\t<\/div>\n\t\t\t\t\t\t\t\t<\/div>\n\t\t\t\t\t<\/div>\n\t\t<\/section>\n\t\t\t\t<section class=\"elementor-section elementor-top-section elementor-element elementor-element-ccc8668 elementor-section-boxed elementor-section-height-default elementor-section-height-default\" data-id=\"ccc8668\" data-element_type=\"section\">\n\t\t\t\t\t\t<div class=\"elementor-container elementor-column-gap-default\">\n\t\t\t\t\t\t\t<div class=\"elementor-row\">\n\t\t\t\t\t<div class=\"elementor-column elementor-col-100 elementor-top-column elementor-element elementor-element-bc1b349\" data-id=\"bc1b349\" data-element_type=\"column\">\n\t\t\t<div class=\"elementor-column-wrap elementor-element-populated\">\n\t\t\t\t\t\t\t<div class=\"elementor-widget-wrap\">\n\t\t\t\t\t\t<div class=\"elementor-element elementor-element-11c3e68 elementor-widget elementor-widget-premium-divider\" data-id=\"11c3e68\" data-element_type=\"widget\" data-widget_type=\"premium-divider.default\">\n\t\t\t\t<div class=\"elementor-widget-container\">\n\t\t\t\n\t<div id=\"premium-separator-container-11c3e68\" class=\"premium-separator-container premium-separator-solid\" data-settings='solid'>\n\t\t<div class=\"premium-separator-wrapper\">\n\t\t\t<div class=\"premium-separator-wrapper-separator\">\n\t\t\t\t<div class=\"premium-separator-wrapper-separator-divider\">\n\t\t\t\t\t<div class=\"premium-separator-wrapper-separator-divider-main-inner\">\n\t\t\t\t\t\t\t\t\t\t\t\t\t\t\n\t\t\t\t\t\t\t<div class=\"premium-separator-wrapper-separator-divider-inner\">\n\t\t\t\t\t\t\t\t<div class=\"premium-separator-wrapper-separator-divider-left premium-separator-left-side\">\n\t\t\t\t\t\t\t\t\t<hr>\t\t\t\t\t\t\t\t<\/div>\n\t\t\t\t\t\t\t\t<div class=\"premium-separator-wrapper-separator-divider-icon\">\n\t\t\t\t\t\t\t\t\t\t\t\t\t\t\t\t\t\t\t<div class=\"premium-separator-icon-wrap premium-separator-img-icon\">\n\t\t\t\t\t\t\t\t\t\t\t\t\t\t\t\t\t\t\t\t\t\t<img decoding=\"async\" src=\"https:\/\/www.drmok.com\/wp-content\/uploads\/2022\/03\/LOGO-mini.png\">\n\t\t\t\t\t\t\t\t\t\t<\/div>\n\t\t\t\t\t\t\t\t\t\t\t\t\t\t\t\t\t<\/div>\n\t\t\t\t\t\t\t\t<div class=\"premium-separator-wrapper-separator-divider-right premium-separator-right-side\">\n\t\t\t\t\t\t\t\t\t<hr>\t\t\t\t\t\t\t\t<\/div>\n\t\t\t\t\t\t\t<\/div>\n\t\t\t\t\t\t\t\t\n\t\t\t\t\t\t\t\t\t\t\t\t\n\t\t\t\t\t\t<\/div>\n\t\t\t\t\t\n\t\t\t\t\t<\/div>\n\t\t\t\t\n\t\t\t<\/div>\n\t\t\t\n\t\t\t<div class=\"premium-clearfix\"><\/div>\n\t\t\t\n\t\t<\/div>\n\t\t\n\t<\/div>\n\n\t\t\t\t<\/div>\n\t\t\t\t<\/div>\n\t\t\t\t\t\t<\/div>\n\t\t\t\t\t<\/div>\n\t\t<\/div>\n\t\t\t\t\t\t\t\t<\/div>\n\t\t\t\t\t<\/div>\n\t\t<\/section>\n\t\t\t\t<section class=\"elementor-section elementor-top-section elementor-element elementor-element-0c6ea6a elementor-reverse-mobile elementor-section-boxed elementor-section-height-default elementor-section-height-default\" data-id=\"0c6ea6a\" data-element_type=\"section\" data-settings=\"{&quot;shape_divider_top&quot;:&quot;mountains&quot;}\">\n\t\t\t\t\t<div class=\"elementor-shape elementor-shape-top\" data-negative=\"false\">\n\t\t\t<svg xmlns=\"http:\/\/www.w3.org\/2000\/svg\" viewBox=\"0 0 1000 100\" preserveAspectRatio=\"none\">\n\t<path class=\"elementor-shape-fill\" opacity=\"0.33\" d=\"M473,67.3c-203.9,88.3-263.1-34-320.3,0C66,119.1,0,59.7,0,59.7V0h1000v59.7 c0,0-62.1,26.1-94.9,29.3c-32.8,3.3-62.8-12.3-75.8-22.1C806,49.6,745.3,8.7,694.9,4.7S492.4,59,473,67.3z\"\/>\n\t<path class=\"elementor-shape-fill\" opacity=\"0.66\" d=\"M734,67.3c-45.5,0-77.2-23.2-129.1-39.1c-28.6-8.7-150.3-10.1-254,39.1 s-91.7-34.4-149.2,0C115.7,118.3,0,39.8,0,39.8V0h1000v36.5c0,0-28.2-18.5-92.1-18.5C810.2,18.1,775.7,67.3,734,67.3z\"\/>\n\t<path class=\"elementor-shape-fill\" d=\"M766.1,28.9c-200-57.5-266,65.5-395.1,19.5C242,1.8,242,5.4,184.8,20.6C128,35.8,132.3,44.9,89.9,52.5C28.6,63.7,0,0,0,0 h1000c0,0-9.9,40.9-83.6,48.1S829.6,47,766.1,28.9z\"\/>\n<\/svg>\t\t<\/div>\n\t\t\t\t\t<div class=\"elementor-container elementor-column-gap-default\">\n\t\t\t\t\t\t\t<div class=\"elementor-row\">\n\t\t\t\t\t<div class=\"elementor-column elementor-col-50 elementor-top-column elementor-element elementor-element-6f14c84\" data-id=\"6f14c84\" data-element_type=\"column\">\n\t\t\t<div class=\"elementor-column-wrap elementor-element-populated\">\n\t\t\t\t\t\t\t<div class=\"elementor-widget-wrap\">\n\t\t\t\t\t\t<div class=\"elementor-element elementor-element-4a0f425 elementor-invisible elementor-widget elementor-widget-text-editor\" data-id=\"4a0f425\" data-element_type=\"widget\" data-settings=\"{&quot;_animation&quot;:&quot;fadeInLeft&quot;}\" data-widget_type=\"text-editor.default\">\n\t\t\t\t<div class=\"elementor-widget-container\">\n\t\t\t\t\t\t\t\t<div class=\"elementor-text-editor elementor-clearfix\">\n\t\t\t\t<p>Lorsque vous prenez rendez-vous pour une consultation avec le Dr Mok, vous pouvez vous attendre \u00e0 un accueil chaleureux, \u00e0 un environnement o\u00f9 il est confortable de poser des questions, et \u00e0 l&rsquo;opportunit\u00e9 d&rsquo;apprendre les diff\u00e9rentes options disponibles pour vous aider \u00e0 atteindre vos objectifs.<\/p><p>Veuillez remplir notre formulaire de prise de rendez-vous en ligne, un membre de notre \u00e9quipe vous contactera pour fixer un rendez-vous virtuel.<\/p>\t\t\t\t\t<\/div>\n\t\t\t\t\t\t<\/div>\n\t\t\t\t<\/div>\n\t\t\t\t<div class=\"elementor-element elementor-element-3269554 elementor-widget elementor-widget-premium-addon-button\" data-id=\"3269554\" data-element_type=\"widget\" data-widget_type=\"premium-addon-button.default\">\n\t\t\t\t<div class=\"elementor-widget-container\">\n\t\t\t\r\n\r\n\t\t<a class=\"premium-button premium-button-style1 premium-btn-lg premium-button-style1-right\" href=\"https:\/\/www.drmok.com\/fr\/consultation\/\">\r\n\t\t\t<div class=\"premium-button-text-icon-wrapper\">\r\n\t\t\t\t\t\t\t\t<span >\r\n\t\t\t\t\tR\u00c9SERVER UNE CONSULTATION EN LIGNE\t\t\t\t<\/span>\r\n\t\t\t\t\t\t\t<\/div>\r\n\t\t\t\t\t\t\t\t<\/a>\r\n\r\n\r\n\t\t\t\t<\/div>\n\t\t\t\t<\/div>\n\t\t\t\t\t\t<\/div>\n\t\t\t\t\t<\/div>\n\t\t<\/div>\n\t\t\t\t<div class=\"elementor-column elementor-col-50 elementor-top-column elementor-element elementor-element-a717243\" data-id=\"a717243\" data-element_type=\"column\">\n\t\t\t<div class=\"elementor-column-wrap elementor-element-populated\">\n\t\t\t\t\t\t\t<div class=\"elementor-widget-wrap\">\n\t\t\t\t\t\t<div class=\"elementor-element elementor-element-48e40c1 elementor-widget elementor-widget-image\" data-id=\"48e40c1\" data-element_type=\"widget\" data-widget_type=\"image.default\">\n\t\t\t\t<div class=\"elementor-widget-container\">\n\t\t\t\t\t\t\t\t<div class=\"elementor-image\">\n\t\t\t\t\t\t\t\t\t\t\t\t<img loading=\"lazy\" decoding=\"async\" width=\"1024\" height=\"768\" src=\"https:\/\/www.drmok.com\/wp-content\/uploads\/2022\/06\/mockup-of-a-beautiful-woman-sitting-on-couch-using-ipad-mini.jpg\" class=\"attachment-large size-large\" alt=\"\" srcset=\"https:\/\/www.drmok.com\/wp-content\/uploads\/2022\/06\/mockup-of-a-beautiful-woman-sitting-on-couch-using-ipad-mini.jpg 1024w, https:\/\/www.drmok.com\/wp-content\/uploads\/2022\/06\/mockup-of-a-beautiful-woman-sitting-on-couch-using-ipad-mini-300x225.jpg 300w, https:\/\/www.drmok.com\/wp-content\/uploads\/2022\/06\/mockup-of-a-beautiful-woman-sitting-on-couch-using-ipad-mini-768x576.jpg 768w\" sizes=\"auto, (max-width: 1024px) 100vw, 1024px\" \/>\t\t\t\t\t\t\t\t\t\t\t\t\t\t<\/div>\n\t\t\t\t\t\t<\/div>\n\t\t\t\t<\/div>\n\t\t\t\t\t\t<\/div>\n\t\t\t\t\t<\/div>\n\t\t<\/div>\n\t\t\t\t\t\t\t\t<\/div>\n\t\t\t\t\t<\/div>\n\t\t<\/section>\n\t\t\t\t\t\t\t\t\t<\/div>\n\t\t\t<\/div>\n\t\t\t\t\t<\/div>\n\t\t","protected":false},"excerpt":{"rendered":"<p>La consultation virtuelleUne discussion dans le confort de votre maison Planifiez une consultation priv\u00e9e en ligne. Dans le confort de votre maison Le Dr David Mok propose des consultations virtuelles pour la commodit\u00e9 des patients qui vivent en dehors de la grande r\u00e9gion de Montr\u00e9al, ainsi qu&rsquo;une solution \u00e0 tous les patients qui souhaitent obtenir&hellip;<\/p>\n","protected":false},"author":3,"featured_media":0,"parent":0,"menu_order":0,"comment_status":"closed","ping_status":"closed","template":"elementor_header_footer","meta":{"footnotes":""},"class_list":["post-8666","page","type-page","status-publish","hentry"],"yoast_head":"<!-- This site is optimized with the Yoast SEO plugin v19.2 - https:\/\/yoast.com\/wordpress\/plugins\/seo\/ -->\n<title>Consultation virtuelle | Dr David Mok Montreal Plastic Surgeon<\/title>\n<meta name=\"description\" content=\"Consultation virtuelle | Montreal Plastic Surgery Clinic by Dr David Mok Plastic Surgeon\" \/>\n<meta name=\"robots\" content=\"index, follow, max-snippet:-1, max-image-preview:large, max-video-preview:-1\" \/>\n<link rel=\"canonical\" href=\"https:\/\/www.drmok.com\/fr\/consultation-virtuelle\/\" \/>\n<meta property=\"og:locale\" content=\"fr_FR\" \/>\n<meta property=\"og:type\" content=\"article\" \/>\n<meta property=\"og:title\" content=\"Consultation virtuelle | Dr David Mok Montreal Plastic Surgeon\" \/>\n<meta property=\"og:description\" content=\"Consultation virtuelle | Montreal Plastic Surgery Clinic by Dr David Mok Plastic Surgeon\" \/>\n<meta property=\"og:url\" content=\"https:\/\/www.drmok.com\/fr\/consultation-virtuelle\/\" \/>\n<meta property=\"og:site_name\" content=\"Plastic Surgeon in Montreal, Dr David Mok\" \/>\n<meta property=\"article:publisher\" content=\"https:\/\/www.facebook.com\/drmokplasticsurgery\" \/>\n<meta property=\"article:modified_time\" content=\"2022-07-14T14:09:23+00:00\" \/>\n<meta property=\"og:image\" content=\"https:\/\/www.drmok.com\/wp-content\/uploads\/2022\/03\/LOGO-mini.png\" \/>\n<meta name=\"author\" content=\"drmok\" \/>\n<meta name=\"twitter:card\" content=\"summary_large_image\" \/>\n<meta name=\"twitter:label1\" content=\"Dur\u00e9e de lecture estim\u00e9e\" \/>\n\t<meta name=\"twitter:data1\" content=\"1 minute\" \/>\n<script type=\"application\/ld+json\" class=\"yoast-schema-graph\">{\"@context\":\"https:\/\/schema.org\",\"@graph\":[{\"@type\":\"Organization\",\"@id\":\"https:\/\/www.drmok.com\/fr\/#organization\",\"name\":\"Dr. David Mok, MD\",\"url\":\"https:\/\/www.drmok.com\/fr\/\",\"sameAs\":[\"https:\/\/www.instagram.com\/drmokplasticsurgery\/\",\"https:\/\/www.ratemds.com\/doctor-ratings\/959886\/Dr-David-Mok-St.+Hyacinthe-QC.html\/\",\"https:\/\/www.facebook.com\/drmokplasticsurgery\"],\"logo\":{\"@type\":\"ImageObject\",\"inLanguage\":\"fr-FR\",\"@id\":\"https:\/\/www.drmok.com\/fr\/#\/schema\/logo\/image\/\",\"url\":\"https:\/\/www.drmok.com\/wp-content\/uploads\/2020\/04\/moklogo.png\",\"contentUrl\":\"https:\/\/www.drmok.com\/wp-content\/uploads\/2020\/04\/moklogo.png\",\"width\":1144,\"height\":204,\"caption\":\"Dr. David Mok, MD\"},\"image\":{\"@id\":\"https:\/\/www.drmok.com\/fr\/#\/schema\/logo\/image\/\"}},{\"@type\":\"WebSite\",\"@id\":\"https:\/\/www.drmok.com\/fr\/#website\",\"url\":\"https:\/\/www.drmok.com\/fr\/\",\"name\":\"Plastic Surgeon in Montreal, Dr David Mok\",\"description\":\"Plastic Surgeon in Montreal, Dr David Mok, Esthetic Surgery Westmount Clinic\",\"publisher\":{\"@id\":\"https:\/\/www.drmok.com\/fr\/#organization\"},\"potentialAction\":[{\"@type\":\"SearchAction\",\"target\":{\"@type\":\"EntryPoint\",\"urlTemplate\":\"https:\/\/www.drmok.com\/fr\/?s={search_term_string}\"},\"query-input\":\"required name=search_term_string\"}],\"inLanguage\":\"fr-FR\"},{\"@type\":\"ImageObject\",\"inLanguage\":\"fr-FR\",\"@id\":\"https:\/\/www.drmok.com\/fr\/consultation-virtuelle\/#primaryimage\",\"url\":\"https:\/\/www.drmok.com\/wp-content\/uploads\/2022\/03\/LOGO-mini.png\",\"contentUrl\":\"https:\/\/www.drmok.com\/wp-content\/uploads\/2022\/03\/LOGO-mini.png\",\"width\":58,\"height\":20},{\"@type\":\"WebPage\",\"@id\":\"https:\/\/www.drmok.com\/fr\/consultation-virtuelle\/#webpage\",\"url\":\"https:\/\/www.drmok.com\/fr\/consultation-virtuelle\/\",\"name\":\"Consultation virtuelle | Dr David Mok Montreal Plastic Surgeon\",\"isPartOf\":{\"@id\":\"https:\/\/www.drmok.com\/fr\/#website\"},\"primaryImageOfPage\":{\"@id\":\"https:\/\/www.drmok.com\/fr\/consultation-virtuelle\/#primaryimage\"},\"datePublished\":\"2022-06-17T13:44:37+00:00\",\"dateModified\":\"2022-07-14T14:09:23+00:00\",\"description\":\"Consultation virtuelle | Montreal Plastic Surgery Clinic by Dr David Mok Plastic Surgeon\",\"breadcrumb\":{\"@id\":\"https:\/\/www.drmok.com\/fr\/consultation-virtuelle\/#breadcrumb\"},\"inLanguage\":\"fr-FR\",\"potentialAction\":[{\"@type\":\"ReadAction\",\"target\":[\"https:\/\/www.drmok.com\/fr\/consultation-virtuelle\/\"]}]},{\"@type\":\"BreadcrumbList\",\"@id\":\"https:\/\/www.drmok.com\/fr\/consultation-virtuelle\/#breadcrumb\",\"itemListElement\":[{\"@type\":\"ListItem\",\"position\":1,\"name\":\"Home\",\"item\":\"https:\/\/www.drmok.com\/fr\/\"},{\"@type\":\"ListItem\",\"position\":2,\"name\":\"Consultation virtuelle\"}]}]}<\/script>\n<!-- \/ Yoast SEO plugin. -->","yoast_head_json":{"title":"Consultation virtuelle | Dr David Mok Montreal Plastic Surgeon","description":"Consultation virtuelle | Montreal Plastic Surgery Clinic by Dr David Mok Plastic Surgeon","robots":{"index":"index","follow":"follow","max-snippet":"max-snippet:-1","max-image-preview":"max-image-preview:large","max-video-preview":"max-video-preview:-1"},"canonical":"https:\/\/www.drmok.com\/fr\/consultation-virtuelle\/","og_locale":"fr_FR","og_type":"article","og_title":"Consultation virtuelle | Dr David Mok Montreal Plastic Surgeon","og_description":"Consultation virtuelle | Montreal Plastic Surgery Clinic by Dr David Mok Plastic Surgeon","og_url":"https:\/\/www.drmok.com\/fr\/consultation-virtuelle\/","og_site_name":"Plastic Surgeon in Montreal, Dr David Mok","article_publisher":"https:\/\/www.facebook.com\/drmokplasticsurgery","article_modified_time":"2022-07-14T14:09:23+00:00","og_image":[{"url":"https:\/\/www.drmok.com\/wp-content\/uploads\/2022\/03\/LOGO-mini.png"}],"author":"drmok","twitter_card":"summary_large_image","twitter_misc":{"Dur\u00e9e de lecture estim\u00e9e":"1 minute"},"schema":{"@context":"https:\/\/schema.org","@graph":[{"@type":"Organization","@id":"https:\/\/www.drmok.com\/fr\/#organization","name":"Dr. David Mok, MD","url":"https:\/\/www.drmok.com\/fr\/","sameAs":["https:\/\/www.instagram.com\/drmokplasticsurgery\/","https:\/\/www.ratemds.com\/doctor-ratings\/959886\/Dr-David-Mok-St.+Hyacinthe-QC.html\/","https:\/\/www.facebook.com\/drmokplasticsurgery"],"logo":{"@type":"ImageObject","inLanguage":"fr-FR","@id":"https:\/\/www.drmok.com\/fr\/#\/schema\/logo\/image\/","url":"https:\/\/www.drmok.com\/wp-content\/uploads\/2020\/04\/moklogo.png","contentUrl":"https:\/\/www.drmok.com\/wp-content\/uploads\/2020\/04\/moklogo.png","width":1144,"height":204,"caption":"Dr. David Mok, MD"},"image":{"@id":"https:\/\/www.drmok.com\/fr\/#\/schema\/logo\/image\/"}},{"@type":"WebSite","@id":"https:\/\/www.drmok.com\/fr\/#website","url":"https:\/\/www.drmok.com\/fr\/","name":"Plastic Surgeon in Montreal, Dr David Mok","description":"Plastic Surgeon in Montreal, Dr David Mok, Esthetic Surgery Westmount Clinic","publisher":{"@id":"https:\/\/www.drmok.com\/fr\/#organization"},"potentialAction":[{"@type":"SearchAction","target":{"@type":"EntryPoint","urlTemplate":"https:\/\/www.drmok.com\/fr\/?s={search_term_string}"},"query-input":"required name=search_term_string"}],"inLanguage":"fr-FR"},{"@type":"ImageObject","inLanguage":"fr-FR","@id":"https:\/\/www.drmok.com\/fr\/consultation-virtuelle\/#primaryimage","url":"https:\/\/www.drmok.com\/wp-content\/uploads\/2022\/03\/LOGO-mini.png","contentUrl":"https:\/\/www.drmok.com\/wp-content\/uploads\/2022\/03\/LOGO-mini.png","width":58,"height":20},{"@type":"WebPage","@id":"https:\/\/www.drmok.com\/fr\/consultation-virtuelle\/#webpage","url":"https:\/\/www.drmok.com\/fr\/consultation-virtuelle\/","name":"Consultation virtuelle | Dr David Mok Montreal Plastic Surgeon","isPartOf":{"@id":"https:\/\/www.drmok.com\/fr\/#website"},"primaryImageOfPage":{"@id":"https:\/\/www.drmok.com\/fr\/consultation-virtuelle\/#primaryimage"},"datePublished":"2022-06-17T13:44:37+00:00","dateModified":"2022-07-14T14:09:23+00:00","description":"Consultation virtuelle | Montreal Plastic Surgery Clinic by Dr David Mok Plastic Surgeon","breadcrumb":{"@id":"https:\/\/www.drmok.com\/fr\/consultation-virtuelle\/#breadcrumb"},"inLanguage":"fr-FR","potentialAction":[{"@type":"ReadAction","target":["https:\/\/www.drmok.com\/fr\/consultation-virtuelle\/"]}]},{"@type":"BreadcrumbList","@id":"https:\/\/www.drmok.com\/fr\/consultation-virtuelle\/#breadcrumb","itemListElement":[{"@type":"ListItem","position":1,"name":"Home","item":"https:\/\/www.drmok.com\/fr\/"},{"@type":"ListItem","position":2,"name":"Consultation virtuelle"}]}]}},"_links":{"self":[{"href":"https:\/\/www.drmok.com\/fr\/wp-json\/wp\/v2\/pages\/8666","targetHints":{"allow":["GET"]}}],"collection":[{"href":"https:\/\/www.drmok.com\/fr\/wp-json\/wp\/v2\/pages"}],"about":[{"href":"https:\/\/www.drmok.com\/fr\/wp-json\/wp\/v2\/types\/page"}],"author":[{"embeddable":true,"href":"https:\/\/www.drmok.com\/fr\/wp-json\/wp\/v2\/users\/3"}],"replies":[{"embeddable":true,"href":"https:\/\/www.drmok.com\/fr\/wp-json\/wp\/v2\/comments?post=8666"}],"version-history":[{"count":1,"href":"https:\/\/www.drmok.com\/fr\/wp-json\/wp\/v2\/pages\/8666\/revisions"}],"predecessor-version":[{"id":8667,"href":"https:\/\/www.drmok.com\/fr\/wp-json\/wp\/v2\/pages\/8666\/revisions\/8667"}],"wp:attachment":[{"href":"https:\/\/www.drmok.com\/fr\/wp-json\/wp\/v2\/media?parent=8666"}],"curies":[{"name":"wp","href":"https:\/\/api.w.org\/{rel}","templated":true}]}}