{"id":10130,"date":"2023-02-25T21:55:23","date_gmt":"2023-02-25T18:55:23","guid":{"rendered":"https:\/\/www.drmok.com\/?page_id=10130"},"modified":"2026-03-27T19:24:43","modified_gmt":"2026-03-27T16:24:43","slug":"tarifs","status":"publish","type":"page","link":"https:\/\/www.drmok.com\/fr\/tarifs\/","title":{"rendered":"Tarifs"},"content":{"rendered":"\t\t<div data-elementor-type=\"wp-page\" data-elementor-id=\"10130\" class=\"elementor elementor-10130 elementor-10129\">\n\t\t\t\t\t\t<div class=\"elementor-inner\">\n\t\t\t\t<div class=\"elementor-section-wrap\">\n\t\t\t\t\t\t\t\t\t<section class=\"elementor-section elementor-top-section elementor-element elementor-element-64f6112 elementor-section-boxed elementor-section-height-default elementor-section-height-default\" data-id=\"64f6112\" data-element_type=\"section\" id=\"mok\" data-settings=\"{&quot;shape_divider_top&quot;:&quot;mountains&quot;,&quot;background_background&quot;:&quot;classic&quot;}\">\n\t\t\t\t\t<div class=\"elementor-shape elementor-shape-top\" data-negative=\"false\">\n\t\t\t<svg xmlns=\"http:\/\/www.w3.org\/2000\/svg\" viewBox=\"0 0 1000 100\" preserveAspectRatio=\"none\">\n\t<path class=\"elementor-shape-fill\" opacity=\"0.33\" d=\"M473,67.3c-203.9,88.3-263.1-34-320.3,0C66,119.1,0,59.7,0,59.7V0h1000v59.7 c0,0-62.1,26.1-94.9,29.3c-32.8,3.3-62.8-12.3-75.8-22.1C806,49.6,745.3,8.7,694.9,4.7S492.4,59,473,67.3z\"\/>\n\t<path class=\"elementor-shape-fill\" opacity=\"0.66\" d=\"M734,67.3c-45.5,0-77.2-23.2-129.1-39.1c-28.6-8.7-150.3-10.1-254,39.1 s-91.7-34.4-149.2,0C115.7,118.3,0,39.8,0,39.8V0h1000v36.5c0,0-28.2-18.5-92.1-18.5C810.2,18.1,775.7,67.3,734,67.3z\"\/>\n\t<path class=\"elementor-shape-fill\" d=\"M766.1,28.9c-200-57.5-266,65.5-395.1,19.5C242,1.8,242,5.4,184.8,20.6C128,35.8,132.3,44.9,89.9,52.5C28.6,63.7,0,0,0,0 h1000c0,0-9.9,40.9-83.6,48.1S829.6,47,766.1,28.9z\"\/>\n<\/svg>\t\t<\/div>\n\t\t\t\t\t<div class=\"elementor-container elementor-column-gap-default\">\n\t\t\t\t\t\t\t<div class=\"elementor-row\">\n\t\t\t\t\t<div class=\"elementor-column elementor-col-100 elementor-top-column elementor-element elementor-element-07adfe3\" data-id=\"07adfe3\" data-element_type=\"column\">\n\t\t\t<div class=\"elementor-column-wrap elementor-element-populated\">\n\t\t\t\t\t\t\t<div class=\"elementor-widget-wrap\">\n\t\t\t\t\t\t<div class=\"elementor-element elementor-element-ef718f5 elementor-invisible elementor-widget elementor-widget-heading\" data-id=\"ef718f5\" data-element_type=\"widget\" data-settings=\"{&quot;_animation&quot;:&quot;fadeInLeft&quot;}\" data-widget_type=\"heading.default\">\n\t\t\t\t<div class=\"elementor-widget-container\">\n\t\t\t<h2 class=\"elementor-heading-title elementor-size-default\">Tarifs<\/h2>\t\t<\/div>\n\t\t\t\t<\/div>\n\t\t\t\t\t\t<\/div>\n\t\t\t\t\t<\/div>\n\t\t<\/div>\n\t\t\t\t\t\t\t\t<\/div>\n\t\t\t\t\t<\/div>\n\t\t<\/section>\n\t\t\t\t<section class=\"elementor-section elementor-top-section elementor-element elementor-element-4447a43 elementor-section-boxed elementor-section-height-default elementor-section-height-default\" data-id=\"4447a43\" data-element_type=\"section\" id=\"pricing\">\n\t\t\t\t\t\t<div class=\"elementor-container elementor-column-gap-default\">\n\t\t\t\t\t\t\t<div class=\"elementor-row\">\n\t\t\t\t\t<div class=\"elementor-column elementor-col-100 elementor-top-column elementor-element elementor-element-063f13f\" data-id=\"063f13f\" data-element_type=\"column\">\n\t\t\t<div class=\"elementor-column-wrap elementor-element-populated\">\n\t\t\t\t\t\t\t<div class=\"elementor-widget-wrap\">\n\t\t\t\t\t\t<div class=\"elementor-element elementor-element-87e5438 the7-e-tabs-view-horizontal icon-align-left the7-e-tabs-nav-justify-flex-start elementor-widget elementor-widget-the7-tabs\" data-id=\"87e5438\" data-element_type=\"widget\" data-settings=\"{&quot;accordion_breakpoint&quot;:&quot;none&quot;}\" data-widget_type=\"the7-tabs.default\">\n\t\t\t\t<div class=\"elementor-widget-container\">\n\t\t\t\t<div class=\"the7-e-tabs-wrapper\">\n\t\t<div class=\"the7-e-tabs-nav-wrapper\">\n\t\t\t<div class=\"the7-e-tabs-nav-scroll-wrapper\">\n\t\t\t\t<div class=\"the7-e-tabs-nav\" role=\"tablist\">\n\t\t\t\t\t\t\t\t\t\t<span class=\"item-divider\" aria-hidden=\"true\"><\/span>\n\t\t\t\t\t\t\t\t\t\t\t\t<div id=\"the7-e-tab-title-1421\" class=\"the7-e-tab-title\" aria-selected=\"true\" data-tab=\"1\" role=\"tab\" tabindex=\"0\" aria-controls=\"the7-e-tab-content-1421\" aria-expanded=\"false\">\n\t\t\t\t\t\t\t\t\t\t\t\t\t\t<h5 class=\"the7-e-tab-title-text\">\n\t\t\t\t\t\t\tTraitements chirurgicaux\t\t\t\t\t\t\t<\/h5>\n\t\t\t\t\t\t<\/div>\n\t\t\t\t\t\t<span class=\"item-divider\" aria-hidden=\"true\"><\/span>\n\t\t\t\t\t\t\t\t\t\t\t<div id=\"the7-e-tab-title-1422\" class=\"the7-e-tab-title\" aria-selected=\"false\" data-tab=\"2\" role=\"tab\" tabindex=\"-1\" aria-controls=\"the7-e-tab-content-1422\" aria-expanded=\"false\">\n\t\t\t\t\t\t\t\t\t\t\t\t\t\t<h5 class=\"the7-e-tab-title-text\">\n\t\t\t\t\t\t\tTraitements non chirurgicaux\t\t\t\t\t\t\t<\/h5>\n\t\t\t\t\t\t<\/div>\n\t\t\t\t\t\t<span class=\"item-divider\" aria-hidden=\"true\"><\/span>\n\t\t\t\t\t\t\t\t\t<\/div>\n\t\t\t<\/div>\n\t\t\t<div class=\"the7-e-tab-nav-button left-button\"><\/div>\n\t\t\t<div class=\"the7-e-tab-nav-button right-button\"><\/div>\n\t\t<\/div>\n\t\t<div class=\"the7-e-tabs-content\" role=\"tablist\" aria-orientation=\"vertical\">\n\t\t\t<span class=\"item-divider\" aria-hidden=\"true\"><\/span>\n\t\t\t\t\t\t\t<div class=\"the7-e-tab-item-wrapper\" data-tab=\"1\">\n\t\t\t\t\t<div class=\"the7-e-tab-title\" aria-selected=\"true\" data-tab=\"1\" role=\"tab\" tabindex=\"0\" aria-controls=\"elementor-tab-content-1421\" aria-expanded=\"false\">\n\t\t\t\t\t\t\t\t\t\t\t\t<h5 class=\"the7-e-tab-title-text\">\n\t\t\t\t\t\t\tTraitements chirurgicaux\t\t\t\t\t\t<\/h5>\n\t\t\t\t\t<\/div>\n\t\t\t\t\t<div id=\"the7-e-tab-content-1421\" class=\"the7-e-tab-content\" data-tab=\"1\" role=\"tabpanel\" aria-labelledby=\"the7-e-tab-title-1421\" tabindex=\"0\" hidden=\"false\"><h2>Traitements chirurgicaux<\/h2><div class=\"pre\"><p>Les prix ci-dessous repr\u00e9sentent une plage <strong>approximative<\/strong> et <strong>sont soumis \u00e0 des taxes<\/strong>. Les prix comprennent les frais d&rsquo;anesth\u00e9sie, les frais administratifs, les frais de salle d&rsquo;op\u00e9ration, l&rsquo;\u00e9quipement (implants\/ Bodytite\/Accutite\/Facetite ; \u00ab\u00a0soutien-gorge interne\u00a0\u00bb, etc.), les soins infirmiers et le suivi postop\u00e9ratoire.<\/p><p>Diff\u00e9rentes combinaisons de zones \u00e0 traiter et <strong>d&rsquo;options chirurgicales sont possibles<\/strong> et vous seront pr\u00e9sent\u00e9es apr\u00e8s \u00e9valuation en personne par le Dr David Mok. Nous vous fournirons un devis officiel apr\u00e8s \u00e9valuation par le Dr David Mok le jour m\u00eame de la consultation. Si n\u00e9cessaire, nous vous fournirons les coordonn\u00e9es <strong>des compagnies de financement<\/strong>.<\/p><\/div><h3>Consultation avec le Dr Mok \u2013 200 $<\/h3><hr \/><h3>Chirurgies mammaires :<\/h3><ul class=\"linemarks withem\"><li>Lifting mammaire <strong>11 000 \u00e0 14 000 $<\/strong> <em>Inclut la liposuccion du bourrelet du soutien-gorge et le soutien interne (internal bra)<\/em><\/li><li>Augmentation mammaire <strong>11 000 \u00e0 12 500 $<\/strong> <em>Inclut la liposuccion du bourrelet du soutien-gorge, le soutien interne, la technique dual plane et des implants en gel de silicone coh\u00e9sif<\/em><\/li><li>Remplacement d\u2019implants mammaires <strong>11 000 \u00e0 14 000 $<\/strong> <em>Inclut la liposuccion du bourrelet du soutien-gorge, le soutien interne, la technique dual plane et des implants en gel de silicone coh\u00e9sif<\/em><\/li><li>Lifting mammaire avec augmentation (une seule chirurgie) <strong>14 500 \u00e0 18 000 $<\/strong> <em>Inclut la liposuccion du bourrelet du soutien-gorge, le soutien interne, la technique dual plane et des implants en gel de silicone coh\u00e9sif<\/em><\/li><\/ul><hr \/><h3>Chirurgie du corps :<\/h3><ul class=\"linemarks withem\"><li>Abdominoplastie <strong>13 000 \u00e0 17 000 $<\/strong> <em>Inclut une liposuccion haute d\u00e9finition de l\u2019abdomen et des flancs<\/em><\/li><li>Liposuccion <em>Les prix varient selon la dur\u00e9e de la chirurgie et le type d\u2019anesth\u00e9sie requis<\/em><\/li><li>Liposuccion haute d\u00e9finition de l\u2019abdomen, des flancs et de la r\u00e9gion pubienne <strong>10 000 \u00e0 12 000 $<\/strong><\/li><li>Liposuccion compl\u00e8te du dos et des flancs avec ou sans transfert de graisse aux fesses (BBL) <strong>10 000 \u00e0 13 000 $<\/strong><\/li><li>Liposuccion d\u2019une zone (ex. bras ou flancs) <strong>5 000 \u00e0 9 000 $<\/strong> <em>Ajout de radiofr\u00e9quence (J-Plasma ou BodyTite) + 1 000 \u00e0 2 000 $ par zone<\/em><\/li><li>Lifting des bras <strong>10 000 \u00e0 13 000 $<\/strong><\/li><li>Lifting des cuisses <strong>12 000 \u00e0 14 000 $<\/strong><\/li><\/ul><hr \/><h3>Chirurgie du visage :<\/h3><ul class=\"linemarks withem\"><li>Liposuccion du menton <strong>3 000 \u00e0 5 000 $<\/strong> <em>Ajout laser ou radiofr\u00e9quence + 1 000 \u00e0 2 000 $<\/em><\/li><li>Bl\u00e9pharoplastie sup\u00e9rieure <strong>4 000 \u00e0 5 000 $<\/strong><\/li><li>Bl\u00e9pharoplastie inf\u00e9rieure <strong>5 000 \u00e0 7 000 $<\/strong><\/li><li>Mini lifting du visage et du cou <strong>10 000 \u00e0 14 000 $<\/strong> <em>Inclut la liposuccion du menton et un lifting SMAS<br \/>Ajout laser ou radiofr\u00e9quence + 1 000 \u00e0 2 000 $<\/em><\/li><li>Lifting complet du visage et du cou <strong>20 000 \u00e0 25 000 $<\/strong> <em>Inclut la liposuccion du menton et un lifting SMAS<br \/>Ajout laser ou radiofr\u00e9quence + 1 000 \u00e0 2 000 $<\/em><\/li><\/ul><\/div>\n\t\t\t\t<\/div>\n\t\t\t\t<span class=\"item-divider\" aria-hidden=\"true\"><\/span>\n\t\t\t\t\t\t\t<div class=\"the7-e-tab-item-wrapper\" data-tab=\"2\">\n\t\t\t\t\t<div class=\"the7-e-tab-title\" aria-selected=\"false\" data-tab=\"2\" role=\"tab\" tabindex=\"-1\" aria-controls=\"elementor-tab-content-1422\" aria-expanded=\"false\">\n\t\t\t\t\t\t\t\t\t\t\t\t<h5 class=\"the7-e-tab-title-text\">\n\t\t\t\t\t\t\tTraitements non chirurgicaux\t\t\t\t\t\t<\/h5>\n\t\t\t\t\t<\/div>\n\t\t\t\t\t<div id=\"the7-e-tab-content-1422\" class=\"the7-e-tab-content\" data-tab=\"2\" role=\"tabpanel\" aria-labelledby=\"the7-e-tab-title-1422\" tabindex=\"0\" hidden=\"hidden\"><h2>Traitements non chirurgicaux<\/h2><div class=\"pre\"><p>Les prix des traitements Bodytite\/Facetite\/Accutite et Morpheus peuvent varier en fonction de la zone \u00e0 traiter. Les traitements Bodytite\/Facetite\/Accutite sont effectu\u00e9s exclusivement par le Dr Mok. Le traitement Morpheus peut \u00eatre effectu\u00e9 par notre infirmi\u00e8re dipl\u00f4m\u00e9e ou par le Dr Mok. Les prix ci-dessous repr\u00e9sentent une plage <strong>approximative<\/strong> et sont <strong>soumis \u00e0 des taxes<\/strong>.<\/p><p>Les prix comprennent les frais d&rsquo;anesth\u00e9sie, les frais administratifs, les frais de salle d&rsquo;op\u00e9ration, l&rsquo;\u00e9quipement (implants\/Bodytite\/Accutite\/Facetite; \u00ab\u00a0soutien-gorge interne\u00a0\u00bb, etc.), les soins infirmiers et le suivi postop\u00e9ratoire.<\/p><p>Diff\u00e9rentes <strong>combinaisons d&rsquo;options de traitement sont disponibles<\/strong> et vous seront pr\u00e9sent\u00e9es <strong>apr\u00e8s une \u00e9valuation m\u00e9dicale en personne<\/strong>. Nous vous fournirons un devis officiel apr\u00e8s \u00e9valuation par le Dr David Mok le jour m\u00eame de la consultation. Si n\u00e9cessaire, nous pouvons vous envoyer les coordonn\u00e9es de <strong>compagnies de financement<\/strong>.<\/p><\/div><h3>Consultation avec le Dr Mok \u2013 200 $<\/h3><hr \/><h3>Facetite\/Accutite sous anesth\u00e9sie locale :<\/h3><ul class=\"linemarks\"><li>Bas du visage (ligne de la m\u00e2choire, sillons nasog\u00e9niens, lignes de marionnettes, menton)\u00a0: <strong>4500 \u2013 5500 $<\/strong><\/li><li>Cou\u00a0: <strong>3000 \u2013 4000 $<\/strong><\/li><li>Bas du visage + cou\u00a0: <strong>5000 \u2013 6000 $<\/strong><\/li><li>Paupi\u00e8res sup\u00e9rieures\u00a0: <strong>2000 \u2013 3000 $<\/strong><\/li><li>Paupi\u00e8res inf\u00e9rieures\u00a0: <strong>2500 \u2013 4000 $<\/strong><\/li><li>+\/- Liposuccion du menton si n\u00e9cessaire :<strong>1000 \u2013 2000 $<\/strong><\/li><\/ul><hr \/><h3>Bodytite sous anesth\u00e9sie locale :<\/h3><ul class=\"linemarks\"><li>Bras\u00a0: <strong>4000 \u2013 6500 $<\/strong><\/li><li>Int\u00e9rieur des cuisses\u00a0: <strong>3500 \u2013 6000 $<\/strong><\/li><li>Genoux\u00a0: <strong>3500 \u2013 4500 $<\/strong><\/li><li>Haut de l&rsquo;abdomen : <strong>3500 \u2013 5000 $<\/strong><\/li><li>Bas-ventre\u00a0 <strong>3500 \u2013 5000 $<\/strong><\/li><li>+\/- Liposuccion des zones trait\u00e9es si n\u00e9cessaire, mais pouvant faire l&rsquo;objet d&rsquo;un devis s\u00e9par\u00e9\u00a0: <strong>3000 \u2013 7000 $<\/strong><\/li><\/ul><hr \/><h3>Morpheus (une s\u00e9rie de 3 \u00e0 5 traitements est recommand\u00e9e pour obtenir les r\u00e9sultats souhait\u00e9s)<\/h3><ul class=\"linemarks\"><li>1 zone (ex. visage) x 1 traitement : <strong>1 000 \u00e0 2 000 $<\/strong><\/li><\/ul><h3>Laser CO2<\/h3><ul class=\"linemarks\"><li>1 zone (ex. visage) x 1 traitement : <strong>500 \u00e0 1 000 $<\/strong><\/li><\/ul><\/div>\n\t\t\t\t<\/div>\n\t\t\t\t<span class=\"item-divider\" aria-hidden=\"true\"><\/span>\n\t\t\t\t\t<\/div>\n    <\/div>\n    \t\t<\/div>\n\t\t\t\t<\/div>\n\t\t\t\t\t\t<\/div>\n\t\t\t\t\t<\/div>\n\t\t<\/div>\n\t\t\t\t\t\t\t\t<\/div>\n\t\t\t\t\t<\/div>\n\t\t<\/section>\n\t\t\t\t\t\t\t\t\t<\/div>\n\t\t\t<\/div>\n\t\t\t\t\t<\/div>\n\t\t","protected":false},"excerpt":{"rendered":"<p>Tarifs Traitements chirurgicaux Traitements non chirurgicaux Traitements chirurgicaux Traitements chirurgicaux Les prix ci-dessous repr\u00e9sentent une plage approximative et sont soumis \u00e0 des taxes. Les prix comprennent les frais d&#8217;anesth\u00e9sie, les frais administratifs, les frais de salle d&#8217;op\u00e9ration, l&#8217;\u00e9quipement (implants\/ Bodytite\/Accutite\/Facetite ; &#8220;soutien-gorge interne&#8221;, etc.), les soins infirmiers et le suivi postop\u00e9ratoire. Diff\u00e9rentes combinaisons de zones&hellip;<\/p>\n","protected":false},"author":3,"featured_media":0,"parent":0,"menu_order":0,"comment_status":"closed","ping_status":"closed","template":"elementor_header_footer","meta":{"footnotes":""},"class_list":["post-10130","page","type-page","status-publish","hentry"],"yoast_head":"<!-- This site is optimized with the Yoast SEO plugin v19.2 - https:\/\/yoast.com\/wordpress\/plugins\/seo\/ -->\n<title>Tarifs | Dr David Mok Montreal Plastic Surgeon<\/title>\n<meta name=\"description\" content=\"Tarifs | Montreal Plastic Surgery Clinic by Dr David Mok Plastic Surgeon\" \/>\n<meta name=\"robots\" content=\"index, follow, max-snippet:-1, max-image-preview:large, max-video-preview:-1\" \/>\n<link rel=\"canonical\" href=\"https:\/\/www.drmok.com\/fr\/tarifs\/\" \/>\n<meta property=\"og:locale\" content=\"fr_FR\" \/>\n<meta property=\"og:type\" content=\"article\" \/>\n<meta property=\"og:title\" content=\"Tarifs | Dr David Mok Montreal Plastic Surgeon\" \/>\n<meta property=\"og:description\" content=\"Tarifs | Montreal Plastic Surgery Clinic by Dr David Mok Plastic Surgeon\" \/>\n<meta property=\"og:url\" content=\"https:\/\/www.drmok.com\/fr\/tarifs\/\" \/>\n<meta property=\"og:site_name\" content=\"Plastic Surgeon in Montreal, Dr David Mok\" \/>\n<meta property=\"article:publisher\" content=\"https:\/\/www.facebook.com\/drmokplasticsurgery\" \/>\n<meta property=\"article:modified_time\" content=\"2026-03-27T16:24:43+00:00\" \/>\n<meta name=\"author\" content=\"drmok\" \/>\n<meta name=\"twitter:card\" content=\"summary_large_image\" \/>\n<meta name=\"twitter:label1\" content=\"Dur\u00e9e de lecture estim\u00e9e\" \/>\n\t<meta name=\"twitter:data1\" content=\"4 minutes\" \/>\n<script type=\"application\/ld+json\" class=\"yoast-schema-graph\">{\"@context\":\"https:\/\/schema.org\",\"@graph\":[{\"@type\":\"Organization\",\"@id\":\"https:\/\/www.drmok.com\/fr\/#organization\",\"name\":\"Dr. David Mok, MD\",\"url\":\"https:\/\/www.drmok.com\/fr\/\",\"sameAs\":[\"https:\/\/www.instagram.com\/drmokplasticsurgery\/\",\"https:\/\/www.ratemds.com\/doctor-ratings\/959886\/Dr-David-Mok-St.+Hyacinthe-QC.html\/\",\"https:\/\/www.facebook.com\/drmokplasticsurgery\"],\"logo\":{\"@type\":\"ImageObject\",\"inLanguage\":\"fr-FR\",\"@id\":\"https:\/\/www.drmok.com\/fr\/#\/schema\/logo\/image\/\",\"url\":\"https:\/\/www.drmok.com\/wp-content\/uploads\/2020\/04\/moklogo.png\",\"contentUrl\":\"https:\/\/www.drmok.com\/wp-content\/uploads\/2020\/04\/moklogo.png\",\"width\":1144,\"height\":204,\"caption\":\"Dr. David Mok, MD\"},\"image\":{\"@id\":\"https:\/\/www.drmok.com\/fr\/#\/schema\/logo\/image\/\"}},{\"@type\":\"WebSite\",\"@id\":\"https:\/\/www.drmok.com\/fr\/#website\",\"url\":\"https:\/\/www.drmok.com\/fr\/\",\"name\":\"Plastic Surgeon in Montreal, Dr David Mok\",\"description\":\"Plastic Surgeon in Montreal, Dr David Mok, Esthetic Surgery Westmount Clinic\",\"publisher\":{\"@id\":\"https:\/\/www.drmok.com\/fr\/#organization\"},\"potentialAction\":[{\"@type\":\"SearchAction\",\"target\":{\"@type\":\"EntryPoint\",\"urlTemplate\":\"https:\/\/www.drmok.com\/fr\/?s={search_term_string}\"},\"query-input\":\"required name=search_term_string\"}],\"inLanguage\":\"fr-FR\"},{\"@type\":\"WebPage\",\"@id\":\"https:\/\/www.drmok.com\/fr\/tarifs\/#webpage\",\"url\":\"https:\/\/www.drmok.com\/fr\/tarifs\/\",\"name\":\"Tarifs | Dr David Mok Montreal Plastic Surgeon\",\"isPartOf\":{\"@id\":\"https:\/\/www.drmok.com\/fr\/#website\"},\"datePublished\":\"2023-02-25T18:55:23+00:00\",\"dateModified\":\"2026-03-27T16:24:43+00:00\",\"description\":\"Tarifs | Montreal Plastic Surgery Clinic by Dr David Mok Plastic Surgeon\",\"breadcrumb\":{\"@id\":\"https:\/\/www.drmok.com\/fr\/tarifs\/#breadcrumb\"},\"inLanguage\":\"fr-FR\",\"potentialAction\":[{\"@type\":\"ReadAction\",\"target\":[\"https:\/\/www.drmok.com\/fr\/tarifs\/\"]}]},{\"@type\":\"BreadcrumbList\",\"@id\":\"https:\/\/www.drmok.com\/fr\/tarifs\/#breadcrumb\",\"itemListElement\":[{\"@type\":\"ListItem\",\"position\":1,\"name\":\"Home\",\"item\":\"https:\/\/www.drmok.com\/fr\/\"},{\"@type\":\"ListItem\",\"position\":2,\"name\":\"Tarifs\"}]}]}<\/script>\n<!-- \/ Yoast SEO plugin. -->","yoast_head_json":{"title":"Tarifs | Dr David Mok Montreal Plastic Surgeon","description":"Tarifs | Montreal Plastic Surgery Clinic by Dr David Mok Plastic Surgeon","robots":{"index":"index","follow":"follow","max-snippet":"max-snippet:-1","max-image-preview":"max-image-preview:large","max-video-preview":"max-video-preview:-1"},"canonical":"https:\/\/www.drmok.com\/fr\/tarifs\/","og_locale":"fr_FR","og_type":"article","og_title":"Tarifs | Dr David Mok Montreal Plastic Surgeon","og_description":"Tarifs | Montreal Plastic Surgery Clinic by Dr David Mok Plastic Surgeon","og_url":"https:\/\/www.drmok.com\/fr\/tarifs\/","og_site_name":"Plastic Surgeon in Montreal, Dr David Mok","article_publisher":"https:\/\/www.facebook.com\/drmokplasticsurgery","article_modified_time":"2026-03-27T16:24:43+00:00","author":"drmok","twitter_card":"summary_large_image","twitter_misc":{"Dur\u00e9e de lecture estim\u00e9e":"4 minutes"},"schema":{"@context":"https:\/\/schema.org","@graph":[{"@type":"Organization","@id":"https:\/\/www.drmok.com\/fr\/#organization","name":"Dr. David Mok, MD","url":"https:\/\/www.drmok.com\/fr\/","sameAs":["https:\/\/www.instagram.com\/drmokplasticsurgery\/","https:\/\/www.ratemds.com\/doctor-ratings\/959886\/Dr-David-Mok-St.+Hyacinthe-QC.html\/","https:\/\/www.facebook.com\/drmokplasticsurgery"],"logo":{"@type":"ImageObject","inLanguage":"fr-FR","@id":"https:\/\/www.drmok.com\/fr\/#\/schema\/logo\/image\/","url":"https:\/\/www.drmok.com\/wp-content\/uploads\/2020\/04\/moklogo.png","contentUrl":"https:\/\/www.drmok.com\/wp-content\/uploads\/2020\/04\/moklogo.png","width":1144,"height":204,"caption":"Dr. David Mok, MD"},"image":{"@id":"https:\/\/www.drmok.com\/fr\/#\/schema\/logo\/image\/"}},{"@type":"WebSite","@id":"https:\/\/www.drmok.com\/fr\/#website","url":"https:\/\/www.drmok.com\/fr\/","name":"Plastic Surgeon in Montreal, Dr David Mok","description":"Plastic Surgeon in Montreal, Dr David Mok, Esthetic Surgery Westmount Clinic","publisher":{"@id":"https:\/\/www.drmok.com\/fr\/#organization"},"potentialAction":[{"@type":"SearchAction","target":{"@type":"EntryPoint","urlTemplate":"https:\/\/www.drmok.com\/fr\/?s={search_term_string}"},"query-input":"required name=search_term_string"}],"inLanguage":"fr-FR"},{"@type":"WebPage","@id":"https:\/\/www.drmok.com\/fr\/tarifs\/#webpage","url":"https:\/\/www.drmok.com\/fr\/tarifs\/","name":"Tarifs | Dr David Mok Montreal Plastic Surgeon","isPartOf":{"@id":"https:\/\/www.drmok.com\/fr\/#website"},"datePublished":"2023-02-25T18:55:23+00:00","dateModified":"2026-03-27T16:24:43+00:00","description":"Tarifs | Montreal Plastic Surgery Clinic by Dr David Mok Plastic Surgeon","breadcrumb":{"@id":"https:\/\/www.drmok.com\/fr\/tarifs\/#breadcrumb"},"inLanguage":"fr-FR","potentialAction":[{"@type":"ReadAction","target":["https:\/\/www.drmok.com\/fr\/tarifs\/"]}]},{"@type":"BreadcrumbList","@id":"https:\/\/www.drmok.com\/fr\/tarifs\/#breadcrumb","itemListElement":[{"@type":"ListItem","position":1,"name":"Home","item":"https:\/\/www.drmok.com\/fr\/"},{"@type":"ListItem","position":2,"name":"Tarifs"}]}]}},"_links":{"self":[{"href":"https:\/\/www.drmok.com\/fr\/wp-json\/wp\/v2\/pages\/10130","targetHints":{"allow":["GET"]}}],"collection":[{"href":"https:\/\/www.drmok.com\/fr\/wp-json\/wp\/v2\/pages"}],"about":[{"href":"https:\/\/www.drmok.com\/fr\/wp-json\/wp\/v2\/types\/page"}],"author":[{"embeddable":true,"href":"https:\/\/www.drmok.com\/fr\/wp-json\/wp\/v2\/users\/3"}],"replies":[{"embeddable":true,"href":"https:\/\/www.drmok.com\/fr\/wp-json\/wp\/v2\/comments?post=10130"}],"version-history":[{"count":42,"href":"https:\/\/www.drmok.com\/fr\/wp-json\/wp\/v2\/pages\/10130\/revisions"}],"predecessor-version":[{"id":13343,"href":"https:\/\/www.drmok.com\/fr\/wp-json\/wp\/v2\/pages\/10130\/revisions\/13343"}],"wp:attachment":[{"href":"https:\/\/www.drmok.com\/fr\/wp-json\/wp\/v2\/media?parent=10130"}],"curies":[{"name":"wp","href":"https:\/\/api.w.org\/{rel}","templated":true}]}}